{"id":73,"date":"2017-10-31T09:47:35","date_gmt":"2017-10-31T09:47:35","guid":{"rendered":"http:\/\/kornel.ee\/testkeskond\/?page_id=73"},"modified":"2025-04-15T15:34:02","modified_gmt":"2025-04-15T13:34:02","slug":"ajalugu","status":"publish","type":"page","link":"https:\/\/tantsuliit.ee\/en\/meist_vana\/ajalugu\/","title":{"rendered":"History"},"content":{"rendered":"<p>1996. aastal asutatud Eesti Tantsuhariduse Liit ja 2002. aastal asutatud eesti Tantsukunstnike Liit \u00fchinesid aastal 2016, saades uueks nimeks Eesti Tantsukunsti ja Tantsuhariduse Liit.<\/p>\n\n\n\n<p>Tantsu\u00f5petajaid \u00fchendab Eesti Tantsuhariduse Liit (ETHL)&nbsp;aastast 1996, mis kuni juunini 2011 kandis nime Eesti Tantsupedagoogide Liit (ETPL).<br>Liidu algatajaks ja eestvedajaks oli Mait Agu ning suur osa tegevusest baseerus tema isiklikul n\u00e4gemusel. 1998. aastal peale Mait Agu hukkumist j\u00e4tkas liit k\u00fcll oma p\u00f5hikirjalist tegevust, kuid tollane aeg ei soosinud tantsuhariduslike muudatuste elluviimist.<\/p>\n\n\n\n<p>24. aprillil 2004 toimus Pedagoogika\u00fclikooli koreograafia \u00f5ppetooli ja ETPLi liikmete eestvedamisel rahvusvaheline konverents \u201eTantsu\u00f5petus koolis\u201c, kus j\u00f5uti \u00fchisele j\u00e4reldusele, et tantsu\u00f5petus on valmis l\u00e4hitulevikus v\u00e4lja arenema iseseisvaks aineks Eesti \u00fcldhariduskooli \u00f5ppeprogrammis. Konverents v\u00f5ttis vastu konkreetsed juhtm\u00f5tted ja ettepanekud, mis rakendunud tegevuskavana v\u00f5inuks viia meid soovitud eesm\u00e4rgini, kuid puudus j\u00f5uline t\u00f6\u00f6grupp, kes oleks suutnud tollasest riigi poolsest huvipuudusest l\u00e4bi murda.<\/p>\n\n\n\n<p>Aastani 2009 tegeldi rahvakultuuri valdkonnas tantsu\u00f5petajatele suunatud \u00fcrituste ja koolituste korraldamisega ja seda peamiselt L\u00f5una-Eestis liidu Viljandi osakonna juhtimisel.<br>Koos kodaniku\u00fchiskonna arenguga Eestis arenes ka ETPL organisatsioonina. Uus aktiivne tegutsemine sai alguse 2009. aasta l\u00f5pul, mil toimusid erinevad tantsuhariduslikud arutelud Tallinnas, P\u00e4rnus ja Viljandis. Initsiatiiv tugines Eesti Tantsuagentuuri t\u00f6\u00f6tajatel, kes kaasasid T\u00dc Viljandi Kultuuriakadeemia ja Tallinna \u00dclikooli \u00f5ppej\u00f5ude, tudengeid ja vilistlasi ning teiste tantsuorganisatsioonide t\u00f6\u00f6tajaid, et arutada erinevaid v\u00f5imalusi tantsuhariduse hetkeseisu parandamiseks.<\/p>\n\n\n\n<p>2010. aastal algas j\u00e4rjepidevam ja laiap\u00f5hjalisem tantsuhariduse valdkonna arendustegevus ETPL-is.<\/p>\n\n\n\n<p><br><strong>\u00dclevaade juhatuse ja volikogu liikmetest ja tegevjuhist:&nbsp;<\/strong><\/p>\n\n\n\n<p>2023: <br>Juhatus: Anne Tamm-Kivimets (juhatuse esimees), Monika Tomingas, Maria Uppin-Sarv<br>Volikogu: Indrek Kornel, David Truusa, Karoline Suhhov, R\u016bta Pakalne, Raho Aadla (volikogu esimees), Sille Kapper-Tiisler, Svetlana Grigorjeva, Laura Kvelstein.<br>Tegevjuht: Anne Tamm-Kivimets<\/p>\n\n\n\n<p>2022: <br>Juhatus: Raido Bergstein (juhatuse esimees), Laura Kvelstein, Maria Uppin-Sarv<br>Volikogu: Anne Tamm-Kivimets, Eline Selgis, Indrek Kornel, Jane Miller-P\u00e4rnam\u00e4gi, Kadi Aare, Kaisa Kattai , Kati-Ly Koit, Katrin Kreutzberg, Lii Ainsalu, Monika Tomingas, Raho Aadla (volikogu esimees), Sille Kapper-Tiisler.<br>T\u00f6\u00f6 koordinaator\/tegevjuht: Sille Ardel<\/p>\n\n\n\n<p>2021: <br>Juhatus: Laura Kvelstein, Maria Uppin-Sarv, Raido Bergstein<br>Volikogu: Anne Tamm-Kivimets, Eline Selgis, Indrek Kornel, Jane Miller-P\u00e4rnam\u00e4gi, Kadi Aare, Kaisa Kattai , Kati-Ly Koit, Katrin Kreutzberg, Lii Ainsalu, Monika Tomingas, Raho Aadla (volikogu esimees), Sille Kapper.<br>T\u00f6\u00f6 koordinaator\/tegevjuht: Sille Ardel<\/p>\n\n\n\n<p>2020: <br>Juhatus: Raido Bergstein (juhatuse esimees), Laura Kvelstein ja Maria Uppin<br>Volikogu: Raho Aadla (volikogu esimees), Annika Viibus, Anne Tamm-Kivimets, Arolin Raudva, Jaan Ulst, Jane Miller-P\u00e4rnam\u00e4gi, Katrin Kreutzberg, Kr\u00f5\u00f5t Kiviste, Maarja T\u00f5nisson, Marie Pullerits, Monika Tomingas, Sille Kapper<br>T\u00f6\u00f6 koordinaator\/tegevjuht: Sille Ardel<\/p>\n\n\n\n<p>2019: <br>Juhatus: Raido Bergstein (juhatuse esimees), Laura Kvelstein, Maria Uppin<br>Volikogu: Anne Tamm-Kivimets, Arolin Raudva, Jaan Ulst, Jane Miller-P\u00e4rnam\u00e4gi, Kr\u00f5\u00f5t Kiviste, Maarja T\u00f5nisson, Marie Pullerits, Sille Kapper, Raho Aadla (volikogu esimees), Katrin Kreutzberg, Annika Viibus ja Monika Tomingas<br>T\u00f6\u00f6 koordinaator: Sille Ardel<\/p>\n\n\n\n<p>2018: <br>Juhatus: Raido Bergstein (juhatuse esimees), Laura Kvelstein, Maria Uppin<br>Volikogu: Anne Tamm-Kivimets, Arolin Raudva, Jaan Ulst, Jane Miller-P\u00e4rnam\u00e4gi (volikogu esinaine), Kristjan Kurm, Kr\u00f5\u00f5t Kiviste, Maarja T\u00f5nisson, Marie Pullerits, Mari-Liis Eskusson, Siim T\u00f5niste, Sille Kapper, Raho Aadla<\/p>\n\n\n\n<p>2017: <br>Juhatus: Lii Ainsalu, Raido Bergstein<br>Volikogu: Anu S\u00f6\u00f6t (volikogu esinaine), Anne Tamm-Kivimets, Arolin Raudva, Eve Noormets, Jane Miller-P\u00e4rnam\u00e4gi, Maarja T\u00f5nisson, Marie Pullerits, Raido M\u00e4gi, Sille Kapper, Teet Kask, Jaan Ulst, Joanna Karoline Kalm. <br>Tegevjuht: Jane Miller-P\u00e4rnam\u00e4gi<\/p>\n\n\n\n<p>2016: <br>Juhatus: Lii Ainsalu, Raido Bergstein<br>Volikogu: Jane Miller- P\u00e4rnam\u00e4gi, Laura Kvelstein, Sille Kapper, Anne Tamm-Kivimets, Tanel Keres, Anu S\u00f6\u00f6t (volikogu esinaine), Mihkel Ernits, Eve Noormets, Arolin Raudva, Maarja T\u00f5nisson, Marie Pullerits, Raido M\u00e4gi. <br>Tegevjuhid: Sille Ardel ja Monika Tomingas<\/p>","protected":false},"excerpt":{"rendered":"<p>1996. aastal asutatud Eesti Tantsuhariduse Liit ja 2002. aastal asutatud eesti Tantsukunstnike Liit \u00fchinesid aastal 2016, saades uueks nimeks Eesti [&hellip;]<\/p>\n","protected":false},"author":1,"featured_media":0,"parent":33,"menu_order":0,"comment_status":"closed","ping_status":"closed","template":"","meta":{"_acf_changed":false,"site-sidebar-layout":"default","site-content-layout":"","ast-site-content-layout":"default","site-content-style":"default","site-sidebar-style":"default","ast-global-header-display":"","ast-banner-title-visibility":"","ast-main-header-display":"","ast-hfb-above-header-display":"","ast-hfb-below-header-display":"","ast-hfb-mobile-header-display":"","site-post-title":"","ast-breadcrumbs-content":"","ast-featured-img":"","footer-sml-layout":"","ast-disable-related-posts":"","theme-transparent-header-meta":"","adv-header-id-meta":"","stick-header-meta":"","header-above-stick-meta":"","header-main-stick-meta":"","header-below-stick-meta":"","astra-migrate-meta-layouts":"set","ast-page-background-enabled":"default","ast-page-background-meta":{"desktop":{"background-color":"var(--ast-global-color-4)","background-image":"","background-repeat":"repeat","background-position":"center center","background-size":"auto","background-attachment":"scroll","background-type":"","background-media":"","overlay-type":"","overlay-color":"","overlay-opacity":"","overlay-gradient":""},"tablet":{"background-color":"","background-image":"","background-repeat":"repeat","background-position":"center center","background-size":"auto","background-attachment":"scroll","background-type":"","background-media":"","overlay-type":"","overlay-color":"","overlay-opacity":"","overlay-gradient":""},"mobile":{"background-color":"","background-image":"","background-repeat":"repeat","background-position":"center center","background-size":"auto","background-attachment":"scroll","background-type":"","background-media":"","overlay-type":"","overlay-color":"","overlay-opacity":"","overlay-gradient":""}},"ast-content-background-meta":{"desktop":{"background-color":"var(--ast-global-color-5)","background-image":"","background-repeat":"repeat","background-position":"center center","background-size":"auto","background-attachment":"scroll","background-type":"","background-media":"","overlay-type":"","overlay-color":"","overlay-opacity":"","overlay-gradient":""},"tablet":{"background-color":"var(--ast-global-color-5)","background-image":"","background-repeat":"repeat","background-position":"center center","background-size":"auto","background-attachment":"scroll","background-type":"","background-media":"","overlay-type":"","overlay-color":"","overlay-opacity":"","overlay-gradient":""},"mobile":{"background-color":"var(--ast-global-color-5)","background-image":"","background-repeat":"repeat","background-position":"center center","background-size":"auto","background-attachment":"scroll","background-type":"","background-media":"","overlay-type":"","overlay-color":"","overlay-opacity":"","overlay-gradient":""}},"footnotes":""},"class_list":["post-73","page","type-page","status-publish","hentry"],"acf":[],"yoast_head":"<!-- This site is optimized with the Yoast SEO plugin v27.3 - https:\/\/yoast.com\/product\/yoast-seo-wordpress\/ -->\n<title>Ajalugu - Eesti Tantsukunsti ja Tantsuhariduse Liit<\/title>\n<meta name=\"robots\" content=\"index, follow, max-snippet:-1, max-image-preview:large, max-video-preview:-1\" \/>\n<link rel=\"canonical\" href=\"https:\/\/tantsuliit.ee\/en\/meist_vana\/ajalugu\/\" \/>\n<meta property=\"og:locale\" content=\"en_GB\" \/>\n<meta property=\"og:type\" content=\"article\" \/>\n<meta property=\"og:title\" content=\"Ajalugu - Eesti Tantsukunsti ja Tantsuhariduse Liit\" \/>\n<meta property=\"og:description\" content=\"1996. aastal asutatud Eesti Tantsuhariduse Liit ja 2002. aastal asutatud eesti Tantsukunstnike Liit \u00fchinesid aastal 2016, saades uueks nimeks Eesti [&hellip;]\" \/>\n<meta property=\"og:url\" content=\"https:\/\/tantsuliit.ee\/en\/meist_vana\/ajalugu\/\" \/>\n<meta property=\"og:site_name\" content=\"Eesti Tantsukunsti ja Tantsuhariduse Liit\" \/>\n<meta property=\"article:publisher\" content=\"https:\/\/www.facebook.com\/tantsuliit\" \/>\n<meta property=\"article:modified_time\" content=\"2025-04-15T13:34:02+00:00\" \/>\n<meta name=\"twitter:card\" content=\"summary_large_image\" \/>\n<meta name=\"twitter:label1\" content=\"Estimated reading time\" \/>\n\t<meta name=\"twitter:data1\" content=\"3 minutes\" \/>\n<script type=\"application\/ld+json\" class=\"yoast-schema-graph\">{\"@context\":\"https:\\\/\\\/schema.org\",\"@graph\":[{\"@type\":\"WebPage\",\"@id\":\"https:\\\/\\\/tantsuliit.ee\\\/meist_vana\\\/ajalugu\\\/\",\"url\":\"https:\\\/\\\/tantsuliit.ee\\\/meist_vana\\\/ajalugu\\\/\",\"name\":\"Ajalugu - Eesti Tantsukunsti ja Tantsuhariduse Liit\",\"isPartOf\":{\"@id\":\"https:\\\/\\\/tantsuliit.ee\\\/#website\"},\"datePublished\":\"2017-10-31T09:47:35+00:00\",\"dateModified\":\"2025-04-15T13:34:02+00:00\",\"breadcrumb\":{\"@id\":\"https:\\\/\\\/tantsuliit.ee\\\/meist_vana\\\/ajalugu\\\/#breadcrumb\"},\"inLanguage\":\"en-GB\",\"potentialAction\":[{\"@type\":\"ReadAction\",\"target\":[\"https:\\\/\\\/tantsuliit.ee\\\/meist_vana\\\/ajalugu\\\/\"]}]},{\"@type\":\"BreadcrumbList\",\"@id\":\"https:\\\/\\\/tantsuliit.ee\\\/meist_vana\\\/ajalugu\\\/#breadcrumb\",\"itemListElement\":[{\"@type\":\"ListItem\",\"position\":1,\"name\":\"Avaleht\",\"item\":\"https:\\\/\\\/tantsuliit.ee\\\/\"},{\"@type\":\"ListItem\",\"position\":2,\"name\":\"Meist_vana\",\"item\":\"https:\\\/\\\/tantsuliit.ee\\\/meist_vana\\\/\"},{\"@type\":\"ListItem\",\"position\":3,\"name\":\"Ajalugu\"}]},{\"@type\":\"WebSite\",\"@id\":\"https:\\\/\\\/tantsuliit.ee\\\/#website\",\"url\":\"https:\\\/\\\/tantsuliit.ee\\\/\",\"name\":\"Eesti Tantsukunsti ja Tantsuhariduse Liit\",\"description\":\"ETTL toetab ja \u00fchendab Eesti tantsukunstnikke ja -\u00f5petajaid, pakkudes ressursse, haridust ja platvorme tantsukunsti edendamiseks ja huvide kaitsmiseks.\",\"publisher\":{\"@id\":\"https:\\\/\\\/tantsuliit.ee\\\/#organization\"},\"potentialAction\":[{\"@type\":\"SearchAction\",\"target\":{\"@type\":\"EntryPoint\",\"urlTemplate\":\"https:\\\/\\\/tantsuliit.ee\\\/?s={search_term_string}\"},\"query-input\":{\"@type\":\"PropertyValueSpecification\",\"valueRequired\":true,\"valueName\":\"search_term_string\"}}],\"inLanguage\":\"en-GB\"},{\"@type\":\"Organization\",\"@id\":\"https:\\\/\\\/tantsuliit.ee\\\/#organization\",\"name\":\"Eesti Tantsukunsti ja Tantsuhariduse Liit\",\"url\":\"https:\\\/\\\/tantsuliit.ee\\\/\",\"logo\":{\"@type\":\"ImageObject\",\"inLanguage\":\"en-GB\",\"@id\":\"https:\\\/\\\/tantsuliit.ee\\\/#\\\/schema\\\/logo\\\/image\\\/\",\"url\":\"https:\\\/\\\/tantsuliit.ee\\\/wp-content\\\/uploads\\\/2024\\\/12\\\/ettllogowhitespace0.png\",\"contentUrl\":\"https:\\\/\\\/tantsuliit.ee\\\/wp-content\\\/uploads\\\/2024\\\/12\\\/ettllogowhitespace0.png\",\"width\":433,\"height\":79,\"caption\":\"Eesti Tantsukunsti ja Tantsuhariduse Liit\"},\"image\":{\"@id\":\"https:\\\/\\\/tantsuliit.ee\\\/#\\\/schema\\\/logo\\\/image\\\/\"},\"sameAs\":[\"https:\\\/\\\/www.facebook.com\\\/tantsuliit\",\"https:\\\/\\\/www.instagram.com\\\/tantsuliit\\\/\"]}]}<\/script>\n<!-- \/ Yoast SEO plugin. -->","yoast_head_json":{"title":"Ajalugu - Eesti Tantsukunsti ja Tantsuhariduse Liit","robots":{"index":"index","follow":"follow","max-snippet":"max-snippet:-1","max-image-preview":"max-image-preview:large","max-video-preview":"max-video-preview:-1"},"canonical":"https:\/\/tantsuliit.ee\/en\/meist_vana\/ajalugu\/","og_locale":"en_GB","og_type":"article","og_title":"Ajalugu - Eesti Tantsukunsti ja Tantsuhariduse Liit","og_description":"1996. aastal asutatud Eesti Tantsuhariduse Liit ja 2002. aastal asutatud eesti Tantsukunstnike Liit \u00fchinesid aastal 2016, saades uueks nimeks Eesti [&hellip;]","og_url":"https:\/\/tantsuliit.ee\/en\/meist_vana\/ajalugu\/","og_site_name":"Eesti Tantsukunsti ja Tantsuhariduse Liit","article_publisher":"https:\/\/www.facebook.com\/tantsuliit","article_modified_time":"2025-04-15T13:34:02+00:00","twitter_card":"summary_large_image","twitter_misc":{"Estimated reading time":"3 minutes"},"schema":{"@context":"https:\/\/schema.org","@graph":[{"@type":"WebPage","@id":"https:\/\/tantsuliit.ee\/meist_vana\/ajalugu\/","url":"https:\/\/tantsuliit.ee\/meist_vana\/ajalugu\/","name":"Ajalugu - Eesti Tantsukunsti ja Tantsuhariduse Liit","isPartOf":{"@id":"https:\/\/tantsuliit.ee\/#website"},"datePublished":"2017-10-31T09:47:35+00:00","dateModified":"2025-04-15T13:34:02+00:00","breadcrumb":{"@id":"https:\/\/tantsuliit.ee\/meist_vana\/ajalugu\/#breadcrumb"},"inLanguage":"en-GB","potentialAction":[{"@type":"ReadAction","target":["https:\/\/tantsuliit.ee\/meist_vana\/ajalugu\/"]}]},{"@type":"BreadcrumbList","@id":"https:\/\/tantsuliit.ee\/meist_vana\/ajalugu\/#breadcrumb","itemListElement":[{"@type":"ListItem","position":1,"name":"Avaleht","item":"https:\/\/tantsuliit.ee\/"},{"@type":"ListItem","position":2,"name":"Meist_vana","item":"https:\/\/tantsuliit.ee\/meist_vana\/"},{"@type":"ListItem","position":3,"name":"Ajalugu"}]},{"@type":"WebSite","@id":"https:\/\/tantsuliit.ee\/#website","url":"https:\/\/tantsuliit.ee\/","name":"Estonian Union of Dance Art and Dance Education","description":"ETTL toetab ja \u00fchendab Eesti tantsukunstnikke ja -\u00f5petajaid, pakkudes ressursse, haridust ja platvorme tantsukunsti edendamiseks ja huvide kaitsmiseks.","publisher":{"@id":"https:\/\/tantsuliit.ee\/#organization"},"potentialAction":[{"@type":"SearchAction","target":{"@type":"EntryPoint","urlTemplate":"https:\/\/tantsuliit.ee\/?s={search_term_string}"},"query-input":{"@type":"PropertyValueSpecification","valueRequired":true,"valueName":"search_term_string"}}],"inLanguage":"en-GB"},{"@type":"Organization","@id":"https:\/\/tantsuliit.ee\/#organization","name":"Estonian Union of Dance Art and Dance Education","url":"https:\/\/tantsuliit.ee\/","logo":{"@type":"ImageObject","inLanguage":"en-GB","@id":"https:\/\/tantsuliit.ee\/#\/schema\/logo\/image\/","url":"https:\/\/tantsuliit.ee\/wp-content\/uploads\/2024\/12\/ettllogowhitespace0.png","contentUrl":"https:\/\/tantsuliit.ee\/wp-content\/uploads\/2024\/12\/ettllogowhitespace0.png","width":433,"height":79,"caption":"Eesti Tantsukunsti ja Tantsuhariduse Liit"},"image":{"@id":"https:\/\/tantsuliit.ee\/#\/schema\/logo\/image\/"},"sameAs":["https:\/\/www.facebook.com\/tantsuliit","https:\/\/www.instagram.com\/tantsuliit\/"]}]}},"_links":{"self":[{"href":"https:\/\/tantsuliit.ee\/en\/wp-json\/wp\/v2\/pages\/73","targetHints":{"allow":["GET"]}}],"collection":[{"href":"https:\/\/tantsuliit.ee\/en\/wp-json\/wp\/v2\/pages"}],"about":[{"href":"https:\/\/tantsuliit.ee\/en\/wp-json\/wp\/v2\/types\/page"}],"author":[{"embeddable":true,"href":"https:\/\/tantsuliit.ee\/en\/wp-json\/wp\/v2\/users\/1"}],"replies":[{"embeddable":true,"href":"https:\/\/tantsuliit.ee\/en\/wp-json\/wp\/v2\/comments?post=73"}],"version-history":[{"count":0,"href":"https:\/\/tantsuliit.ee\/en\/wp-json\/wp\/v2\/pages\/73\/revisions"}],"up":[{"embeddable":true,"href":"https:\/\/tantsuliit.ee\/en\/wp-json\/wp\/v2\/pages\/33"}],"wp:attachment":[{"href":"https:\/\/tantsuliit.ee\/en\/wp-json\/wp\/v2\/media?parent=73"}],"curies":[{"name":"wp","href":"https:\/\/api.w.org\/{rel}","templated":true}]}}