{"id":69,"date":"2017-10-31T09:46:56","date_gmt":"2017-10-31T09:46:56","guid":{"rendered":"http:\/\/kornel.ee\/testkeskond\/?page_id=69"},"modified":"2025-04-15T15:28:34","modified_gmt":"2025-04-15T13:28:34","slug":"juhtimine","status":"publish","type":"page","link":"https:\/\/tantsuliit.ee\/en\/meist_vana\/juhtimine\/","title":{"rendered":"Management"},"content":{"rendered":"<h4 class=\"wp-block-heading\">Board<\/h4>\n\n\n\n<p><strong>Anne Tamm-Kivimets<\/strong> <br><strong>Laura Kvelstein<\/strong><br><strong>Monika Tomingas<\/strong><\/p>\n\n\n\n<h4 class=\"wp-block-heading\">Council<\/h4>\n\n\n\n<p> <strong>Christin Taul<br>Triin Kauber<br>Evelyn Tuul<br>David Truusa<br>Karoline Suhhov<br>R\u016bta Pakalne<br>Sille Kapper-Tiisler<\/strong><br><b>\u00a0<\/b><\/p>\n\n\n\n<p>Manager <strong>Anne Tamm-Kivimets&nbsp;<\/strong>&#8211; tantsuliit@gmail.com, tel +372 5523329<br>Website manager <strong>Indrek Kornel<\/strong> &#8211; indrek.kornel@gmail.com<\/p>\n\n\n\n<p><a href=\"https:\/\/tantsuliit.ee\/en\/meist\/ajalugu\/\" target=\"_blank\" rel=\"noopener\" title=\"\">Eelnevad juhatused ja volikogu liikmed<\/a><\/p>\n\n\n\n<h4 class=\"wp-block-heading\">Working groups<\/h4>\n\n\n\n<p>T\u00f6\u00f6gruppides on v\u00f5imalik panustada valdkonna ja liidu arengusse.&nbsp;T\u00f6\u00f6gruppidega liitumiseks kirjuta tantsuliit@gmail.com.<\/p>\n\n\n\n<p><strong>Kodulehe ja sotsiaalmeedia t\u00f6\u00f6grupp<\/strong><\/p>\n\n\n\n<p>Liikmed: Indrek Kornel, Karoline Suhhov, Monika Tomingas, Ruta Ronja Pakalne.<\/p>\n\n\n\n<p><strong>T\u00f6\u00f6tasude t\u00f6\u00f6grupp (t\u00f6\u00f6tasude k\u00fcsitlus + palgaalamm\u00e4\u00e4rad) <\/strong><\/p>\n\n\n\n<p>Liikmed: Raho Aadla, David Truusa, Anne Tamm-Kivimets, Monika Tomingas, Karoline Suhhov, Laura Kvelstein, Ruta Ronja Pakalne \u2013 soovijad on oodatud t\u00f6\u00f6grupiga liituma! Kirjuta tantsuliit@gmail.com.<\/p>\n\n\n\n<p><strong>Tantsu KuuKirja kolleegium<\/strong><\/p>\n\n\n\n<p>Liikmed: Evelin Lagle-N\u00f5mm (Tantsu KuuKirja toimetaja), Anu S\u00f6\u00f6t, Sille Kapper-Tiisler, Laura Kvelstein, Raho Aadla, Madli Pesti, Aare Rander<\/p>\n\n\n\n<p><\/p>","protected":false},"excerpt":{"rendered":"<p>Juhatus Anne Tamm-Kivimets Laura KvelsteinMonika Tomingas Volikogu Christin TaulTriin KauberEvelyn TuulDavid TruusaKaroline SuhhovR\u016bta PakalneSille Kapper-Tiisler\u00a0 Tegevjuht Anne Tamm-Kivimets&nbsp;&#8211; tantsuliit@gmail.com, tel [&hellip;]<\/p>\n","protected":false},"author":1,"featured_media":0,"parent":33,"menu_order":0,"comment_status":"closed","ping_status":"closed","template":"","meta":{"_acf_changed":false,"site-sidebar-layout":"default","site-content-layout":"","ast-site-content-layout":"default","site-content-style":"default","site-sidebar-style":"default","ast-global-header-display":"","ast-banner-title-visibility":"","ast-main-header-display":"","ast-hfb-above-header-display":"","ast-hfb-below-header-display":"","ast-hfb-mobile-header-display":"","site-post-title":"","ast-breadcrumbs-content":"","ast-featured-img":"","footer-sml-layout":"","ast-disable-related-posts":"","theme-transparent-header-meta":"","adv-header-id-meta":"","stick-header-meta":"","header-above-stick-meta":"","header-main-stick-meta":"","header-below-stick-meta":"","astra-migrate-meta-layouts":"set","ast-page-background-enabled":"default","ast-page-background-meta":{"desktop":{"background-color":"var(--ast-global-color-4)","background-image":"","background-repeat":"repeat","background-position":"center center","background-size":"auto","background-attachment":"scroll","background-type":"","background-media":"","overlay-type":"","overlay-color":"","overlay-opacity":"","overlay-gradient":""},"tablet":{"background-color":"","background-image":"","background-repeat":"repeat","background-position":"center center","background-size":"auto","background-attachment":"scroll","background-type":"","background-media":"","overlay-type":"","overlay-color":"","overlay-opacity":"","overlay-gradient":""},"mobile":{"background-color":"","background-image":"","background-repeat":"repeat","background-position":"center center","background-size":"auto","background-attachment":"scroll","background-type":"","background-media":"","overlay-type":"","overlay-color":"","overlay-opacity":"","overlay-gradient":""}},"ast-content-background-meta":{"desktop":{"background-color":"var(--ast-global-color-5)","background-image":"","background-repeat":"repeat","background-position":"center center","background-size":"auto","background-attachment":"scroll","background-type":"","background-media":"","overlay-type":"","overlay-color":"","overlay-opacity":"","overlay-gradient":""},"tablet":{"background-color":"var(--ast-global-color-5)","background-image":"","background-repeat":"repeat","background-position":"center center","background-size":"auto","background-attachment":"scroll","background-type":"","background-media":"","overlay-type":"","overlay-color":"","overlay-opacity":"","overlay-gradient":""},"mobile":{"background-color":"var(--ast-global-color-5)","background-image":"","background-repeat":"repeat","background-position":"center center","background-size":"auto","background-attachment":"scroll","background-type":"","background-media":"","overlay-type":"","overlay-color":"","overlay-opacity":"","overlay-gradient":""}},"footnotes":""},"class_list":["post-69","page","type-page","status-publish","hentry"],"acf":[],"yoast_head":"<!-- This site is optimized with the Yoast SEO plugin v27.3 - https:\/\/yoast.com\/product\/yoast-seo-wordpress\/ -->\n<title>Juhtimine - Eesti Tantsukunsti ja Tantsuhariduse Liit<\/title>\n<meta name=\"robots\" content=\"index, follow, max-snippet:-1, max-image-preview:large, max-video-preview:-1\" \/>\n<link rel=\"canonical\" href=\"https:\/\/tantsuliit.ee\/en\/meist_vana\/juhtimine\/\" \/>\n<meta property=\"og:locale\" content=\"en_GB\" \/>\n<meta property=\"og:type\" content=\"article\" \/>\n<meta property=\"og:title\" content=\"Juhtimine - Eesti Tantsukunsti ja Tantsuhariduse Liit\" \/>\n<meta property=\"og:description\" content=\"Juhatus Anne Tamm-Kivimets Laura KvelsteinMonika Tomingas Volikogu Christin TaulTriin KauberEvelyn TuulDavid TruusaKaroline SuhhovR\u016bta PakalneSille Kapper-Tiisler\u00a0 Tegevjuht Anne Tamm-Kivimets&nbsp;&#8211; tantsuliit@gmail.com, tel [&hellip;]\" \/>\n<meta property=\"og:url\" content=\"https:\/\/tantsuliit.ee\/en\/meist_vana\/juhtimine\/\" \/>\n<meta property=\"og:site_name\" content=\"Eesti Tantsukunsti ja Tantsuhariduse Liit\" \/>\n<meta property=\"article:publisher\" content=\"https:\/\/www.facebook.com\/tantsuliit\" \/>\n<meta property=\"article:modified_time\" content=\"2025-04-15T13:28:34+00:00\" \/>\n<meta name=\"twitter:card\" content=\"summary_large_image\" \/>\n<meta name=\"twitter:label1\" content=\"Estimated reading time\" \/>\n\t<meta name=\"twitter:data1\" content=\"1 minute\" \/>\n<script type=\"application\/ld+json\" class=\"yoast-schema-graph\">{\"@context\":\"https:\\\/\\\/schema.org\",\"@graph\":[{\"@type\":\"WebPage\",\"@id\":\"https:\\\/\\\/tantsuliit.ee\\\/meist_vana\\\/juhtimine\\\/\",\"url\":\"https:\\\/\\\/tantsuliit.ee\\\/meist_vana\\\/juhtimine\\\/\",\"name\":\"Juhtimine - Eesti Tantsukunsti ja Tantsuhariduse Liit\",\"isPartOf\":{\"@id\":\"https:\\\/\\\/tantsuliit.ee\\\/#website\"},\"datePublished\":\"2017-10-31T09:46:56+00:00\",\"dateModified\":\"2025-04-15T13:28:34+00:00\",\"breadcrumb\":{\"@id\":\"https:\\\/\\\/tantsuliit.ee\\\/meist_vana\\\/juhtimine\\\/#breadcrumb\"},\"inLanguage\":\"en-GB\",\"potentialAction\":[{\"@type\":\"ReadAction\",\"target\":[\"https:\\\/\\\/tantsuliit.ee\\\/meist_vana\\\/juhtimine\\\/\"]}]},{\"@type\":\"BreadcrumbList\",\"@id\":\"https:\\\/\\\/tantsuliit.ee\\\/meist_vana\\\/juhtimine\\\/#breadcrumb\",\"itemListElement\":[{\"@type\":\"ListItem\",\"position\":1,\"name\":\"Avaleht\",\"item\":\"https:\\\/\\\/tantsuliit.ee\\\/\"},{\"@type\":\"ListItem\",\"position\":2,\"name\":\"Meist_vana\",\"item\":\"https:\\\/\\\/tantsuliit.ee\\\/meist_vana\\\/\"},{\"@type\":\"ListItem\",\"position\":3,\"name\":\"Juhtimine\"}]},{\"@type\":\"WebSite\",\"@id\":\"https:\\\/\\\/tantsuliit.ee\\\/#website\",\"url\":\"https:\\\/\\\/tantsuliit.ee\\\/\",\"name\":\"Eesti Tantsukunsti ja Tantsuhariduse Liit\",\"description\":\"ETTL toetab ja \u00fchendab Eesti tantsukunstnikke ja -\u00f5petajaid, pakkudes ressursse, haridust ja platvorme tantsukunsti edendamiseks ja huvide kaitsmiseks.\",\"publisher\":{\"@id\":\"https:\\\/\\\/tantsuliit.ee\\\/#organization\"},\"potentialAction\":[{\"@type\":\"SearchAction\",\"target\":{\"@type\":\"EntryPoint\",\"urlTemplate\":\"https:\\\/\\\/tantsuliit.ee\\\/?s={search_term_string}\"},\"query-input\":{\"@type\":\"PropertyValueSpecification\",\"valueRequired\":true,\"valueName\":\"search_term_string\"}}],\"inLanguage\":\"en-GB\"},{\"@type\":\"Organization\",\"@id\":\"https:\\\/\\\/tantsuliit.ee\\\/#organization\",\"name\":\"Eesti Tantsukunsti ja Tantsuhariduse Liit\",\"url\":\"https:\\\/\\\/tantsuliit.ee\\\/\",\"logo\":{\"@type\":\"ImageObject\",\"inLanguage\":\"en-GB\",\"@id\":\"https:\\\/\\\/tantsuliit.ee\\\/#\\\/schema\\\/logo\\\/image\\\/\",\"url\":\"https:\\\/\\\/tantsuliit.ee\\\/wp-content\\\/uploads\\\/2024\\\/12\\\/ettllogowhitespace0.png\",\"contentUrl\":\"https:\\\/\\\/tantsuliit.ee\\\/wp-content\\\/uploads\\\/2024\\\/12\\\/ettllogowhitespace0.png\",\"width\":433,\"height\":79,\"caption\":\"Eesti Tantsukunsti ja Tantsuhariduse Liit\"},\"image\":{\"@id\":\"https:\\\/\\\/tantsuliit.ee\\\/#\\\/schema\\\/logo\\\/image\\\/\"},\"sameAs\":[\"https:\\\/\\\/www.facebook.com\\\/tantsuliit\",\"https:\\\/\\\/www.instagram.com\\\/tantsuliit\\\/\"]}]}<\/script>\n<!-- \/ Yoast SEO plugin. -->","yoast_head_json":{"title":"Juhtimine - Eesti Tantsukunsti ja Tantsuhariduse Liit","robots":{"index":"index","follow":"follow","max-snippet":"max-snippet:-1","max-image-preview":"max-image-preview:large","max-video-preview":"max-video-preview:-1"},"canonical":"https:\/\/tantsuliit.ee\/en\/meist_vana\/juhtimine\/","og_locale":"en_GB","og_type":"article","og_title":"Juhtimine - Eesti Tantsukunsti ja Tantsuhariduse Liit","og_description":"Juhatus Anne Tamm-Kivimets Laura KvelsteinMonika Tomingas Volikogu Christin TaulTriin KauberEvelyn TuulDavid TruusaKaroline SuhhovR\u016bta PakalneSille Kapper-Tiisler\u00a0 Tegevjuht Anne Tamm-Kivimets&nbsp;&#8211; tantsuliit@gmail.com, tel [&hellip;]","og_url":"https:\/\/tantsuliit.ee\/en\/meist_vana\/juhtimine\/","og_site_name":"Eesti Tantsukunsti ja Tantsuhariduse Liit","article_publisher":"https:\/\/www.facebook.com\/tantsuliit","article_modified_time":"2025-04-15T13:28:34+00:00","twitter_card":"summary_large_image","twitter_misc":{"Estimated reading time":"1 minute"},"schema":{"@context":"https:\/\/schema.org","@graph":[{"@type":"WebPage","@id":"https:\/\/tantsuliit.ee\/meist_vana\/juhtimine\/","url":"https:\/\/tantsuliit.ee\/meist_vana\/juhtimine\/","name":"Juhtimine - Eesti Tantsukunsti ja Tantsuhariduse Liit","isPartOf":{"@id":"https:\/\/tantsuliit.ee\/#website"},"datePublished":"2017-10-31T09:46:56+00:00","dateModified":"2025-04-15T13:28:34+00:00","breadcrumb":{"@id":"https:\/\/tantsuliit.ee\/meist_vana\/juhtimine\/#breadcrumb"},"inLanguage":"en-GB","potentialAction":[{"@type":"ReadAction","target":["https:\/\/tantsuliit.ee\/meist_vana\/juhtimine\/"]}]},{"@type":"BreadcrumbList","@id":"https:\/\/tantsuliit.ee\/meist_vana\/juhtimine\/#breadcrumb","itemListElement":[{"@type":"ListItem","position":1,"name":"Avaleht","item":"https:\/\/tantsuliit.ee\/"},{"@type":"ListItem","position":2,"name":"Meist_vana","item":"https:\/\/tantsuliit.ee\/meist_vana\/"},{"@type":"ListItem","position":3,"name":"Juhtimine"}]},{"@type":"WebSite","@id":"https:\/\/tantsuliit.ee\/#website","url":"https:\/\/tantsuliit.ee\/","name":"Estonian Union of Dance Art and Dance Education","description":"ETTL toetab ja \u00fchendab Eesti tantsukunstnikke ja -\u00f5petajaid, pakkudes ressursse, haridust ja platvorme tantsukunsti edendamiseks ja huvide kaitsmiseks.","publisher":{"@id":"https:\/\/tantsuliit.ee\/#organization"},"potentialAction":[{"@type":"SearchAction","target":{"@type":"EntryPoint","urlTemplate":"https:\/\/tantsuliit.ee\/?s={search_term_string}"},"query-input":{"@type":"PropertyValueSpecification","valueRequired":true,"valueName":"search_term_string"}}],"inLanguage":"en-GB"},{"@type":"Organization","@id":"https:\/\/tantsuliit.ee\/#organization","name":"Estonian Union of Dance Art and Dance Education","url":"https:\/\/tantsuliit.ee\/","logo":{"@type":"ImageObject","inLanguage":"en-GB","@id":"https:\/\/tantsuliit.ee\/#\/schema\/logo\/image\/","url":"https:\/\/tantsuliit.ee\/wp-content\/uploads\/2024\/12\/ettllogowhitespace0.png","contentUrl":"https:\/\/tantsuliit.ee\/wp-content\/uploads\/2024\/12\/ettllogowhitespace0.png","width":433,"height":79,"caption":"Eesti Tantsukunsti ja Tantsuhariduse Liit"},"image":{"@id":"https:\/\/tantsuliit.ee\/#\/schema\/logo\/image\/"},"sameAs":["https:\/\/www.facebook.com\/tantsuliit","https:\/\/www.instagram.com\/tantsuliit\/"]}]}},"_links":{"self":[{"href":"https:\/\/tantsuliit.ee\/en\/wp-json\/wp\/v2\/pages\/69","targetHints":{"allow":["GET"]}}],"collection":[{"href":"https:\/\/tantsuliit.ee\/en\/wp-json\/wp\/v2\/pages"}],"about":[{"href":"https:\/\/tantsuliit.ee\/en\/wp-json\/wp\/v2\/types\/page"}],"author":[{"embeddable":true,"href":"https:\/\/tantsuliit.ee\/en\/wp-json\/wp\/v2\/users\/1"}],"replies":[{"embeddable":true,"href":"https:\/\/tantsuliit.ee\/en\/wp-json\/wp\/v2\/comments?post=69"}],"version-history":[{"count":0,"href":"https:\/\/tantsuliit.ee\/en\/wp-json\/wp\/v2\/pages\/69\/revisions"}],"up":[{"embeddable":true,"href":"https:\/\/tantsuliit.ee\/en\/wp-json\/wp\/v2\/pages\/33"}],"wp:attachment":[{"href":"https:\/\/tantsuliit.ee\/en\/wp-json\/wp\/v2\/media?parent=69"}],"curies":[{"name":"wp","href":"https:\/\/api.w.org\/{rel}","templated":true}]}}