{"id":67,"date":"2017-10-31T09:46:48","date_gmt":"2017-10-31T09:46:48","guid":{"rendered":"http:\/\/kornel.ee\/testkeskond\/?page_id=67"},"modified":"2025-04-15T14:59:07","modified_gmt":"2025-04-15T12:59:07","slug":"dokumendid","status":"publish","type":"page","link":"https:\/\/tantsuliit.ee\/en\/meist_vana\/dokumendid\/","title":{"rendered":"Documents"},"content":{"rendered":"<div id=\"pl-67\" class=\"panel-layout\">\n<div id=\"pg-67-0\" class=\"panel-grid panel-has-style\" style=\"margin-bottom: 0px; margin-left: 0px; margin-right: 0px;\" data-style=\"{&quot;class&quot;:&quot;dokumendid&quot;,&quot;row_css&quot;:&quot;#pl-67 #panel-67-0-0-0 a {\\n color: black!important;\\n}&quot;,&quot;cell_alignment&quot;:&quot;flex-start&quot;,&quot;vertical_gutter&quot;:&quot;default&quot;,&quot;background_image&quot;:false,&quot;background_image_position&quot;:&quot;center top&quot;,&quot;background_image_style&quot;:&quot;cover&quot;,&quot;row_separator&quot;:&quot;none&quot;}\">\n<div class=\"dokumendid panel-row-style panel-row-style-for-67-0\">\n<div id=\"pgc-67-0-0\" class=\"panel-grid-cell\" data-weight=\"1\">\n<div id=\"panel-67-0-0-0\" class=\"so-panel widget widget_sow-editor panel-first-child panel-last-child\" data-index=\"0\">\n<div class=\"so-widget-sow-editor so-widget-sow-editor-base\">\n<div class=\"siteorigin-widget-tinymce textwidget\">\n<h5><a href=\"https:\/\/tantsuliit.ee\/wp-content\/uploads\/2024\/04\/ETTL-pohikiri-2024.pdf\">Statutes<\/a><\/h5>\n<h5><a href=\"https:\/\/tantsuliit.ee\/wp-content\/uploads\/2024\/04\/ETTL-arengukava-2024-2029-ja-huvikaitse-seisukohad.pdf\">Liidu arengukava 2024-2029<\/a><\/h5>\n<hr \/>\n<h4>\u00dcldkoosolekute protokollid<\/h4>\n<ul>\n<li><a href=\"https:\/\/tantsuliit.ee\/wp-content\/uploads\/2025\/04\/Uldkoosoleku-protokoll_11.04.2025.pdf\">11.04.2025 \u00fcldkoosoleku protokoll<\/a><\/li>\n<li><a href=\"https:\/\/tantsuliit.ee\/wp-content\/uploads\/2024\/06\/Uldkoosoleku-protokoll_04.06.2024.pdf\">04.06.2024 \u00fcldkoosoleku protokoll<\/a><\/li>\n<li><a href=\"https:\/\/tantsuliit.ee\/wp-content\/uploads\/2024\/05\/Uldkoosoleku-protokoll_19.04.2024.pdf\">19.04.2024 \u00fcldkoosoleku protokoll<\/a><\/li>\n<li><a href=\"https:\/\/tantsuliit.ee\/wp-content\/uploads\/2023\/05\/06.04.2023_ETTL_uldkoosolek_protokoll.pdf\">06.04.2023 u\u0308ldkoosoleku protokoll<\/a><\/li>\n<li><a href=\"https:\/\/tantsuliit.ee\/wp-content\/uploads\/2023\/05\/08.04.2022_ETTL_uldkoosolek_protokoll.pdf\">08.04.2022 \u00fcldkoosoleku protokoll<\/a><\/li>\n<li><a href=\"https:\/\/tantsuliit.ee\/wp-content\/uploads\/2021\/09\/14.05.21_ETTL_uldkoosolek_protokoll.pdf\">14.05.2021 \u00fcldkoosoleku protokoll<\/a><\/li>\n<li><a href=\"https:\/\/tantsuliit.ee\/wp-content\/uploads\/2020\/06\/22.05.2020_ETTL_e-\u00fcldkoosolek_protokoll.pdf\">22.05.2020 \u00fcldkoosoleku protokoll<\/a><\/li>\n<li><a href=\"https:\/\/tantsuliit.ee\/wp-content\/uploads\/2019\/03\/ETTL_08.03.2019_\u00fcldkoosolek_protokoll.pdf\">08.03.2019 \u00fcldkoosoleku protokoll<\/a><\/li>\n<li><a href=\"http:\/\/tantsuliit.ee\/wp-content\/uploads\/2018\/07\/\u00fcldkoosolek_09.02.2018_protokoll.pdf\">09.02.2018 \u00fcldkoosoleku protokoll<\/a><\/li>\n<li><a href=\"http:\/\/tantsuliit.ee\/wp-content\/uploads\/2018\/07\/ETTL_\u00fcldkoosoleku_protokoll_07.06.2017.pdf\">07.06.2017 \u00fcldkoosoleku protokoll<\/a><\/li>\n<li><a href=\"http:\/\/tantsuliit.ee\/wp-content\/uploads\/2018\/07\/\u00dcldkoosoleku-protokoll_29.01.2016.pdf\">29.01.2016 \u00fcldkoosoleku protokoll<\/a><\/li>\n<\/ul>\n<hr \/>\n<h4>Majandusaasta aruanded<\/h4>\n<ul>\n<li><a href=\"https:\/\/tantsuliit.ee\/wp-content\/uploads\/2025\/04\/ETTL_Majandusaastaaruanne_2024.pdf\">2024 &#8211; ETTL&#8217;i majandusaasta aruanne<\/a><\/li>\n<li><a href=\"https:\/\/tantsuliit.ee\/wp-content\/uploads\/2024\/06\/Aruanne_80185120_1714744386.pdf\">2023 &#8211; ETTL&#8217;i majandusaasta aruanne<\/a><\/li>\n<li><a href=\"https:\/\/tantsuliit.ee\/wp-content\/uploads\/2023\/05\/Aruanne-80185120.pdf\">2022 &#8211; ETTL&#8217;i majandusaasta aruanne<\/a><\/li>\n<li><a href=\"https:\/\/tantsuliit.ee\/wp-content\/uploads\/2023\/05\/Mittetulundusuhing_Eesti_Tantsukunsti_ja_Tantsuhariduse_Liit-aruanne_2021.pdf\">2021 &#8211; ETTL&#8217;i majandusaasta aruanne<\/a><\/li>\n<li><a href=\"https:\/\/tantsuliit.ee\/wp-content\/uploads\/2021\/10\/ETTL-2020.pdf\">2020 &#8211; ETTL&#8217;i majandusaasta aruanne<\/a><\/li>\n<li><a href=\"https:\/\/tantsuliit.ee\/wp-content\/uploads\/2020\/11\/ETTL-2019.pdf\">2019 &#8211; ETTL&#8217;i majandusaasta aruanne<\/a><\/li>\n<li><a href=\"https:\/\/tantsuliit.ee\/wp-content\/uploads\/2020\/11\/ETTL-2018.pdf\">2018 &#8211; ETTL&#8217;i majandusaasta aruanne<\/a><\/li>\n<li><a href=\"https:\/\/tantsuliit.ee\/wp-content\/uploads\/2020\/11\/ETTL-2017.pdf\">2017 &#8211; ETTL&#8217;i majandusaasta aruanne<\/a><\/li>\n<li><a href=\"http:\/\/tantsuliit.ee\/wp-content\/uploads\/2018\/07\/Aruanne_80185120_1496909927.pdf\">2016 \u2013 ETTLi majandusaasta aruanne<\/a><\/li>\n<\/ul>\n<\/div>\n<\/div>\n<\/div>\n<\/div>\n<\/div>\n<\/div>\n<\/div>\n\n\n<div class=\"wp-block-kadence-spacer aligncenter kt-block-spacer-_9e1345-ca\"><div class=\"kt-block-spacer kt-block-spacer-halign-left\" style=\"height:62px\"><hr class=\"kt-divider\" style=\"border-top-color:#eee;border-top-width:1px;width:100%;border-top-style:solid\"><\/div><\/div>\n\n\n\n<h4 class=\"wp-block-heading\">Vaba\u00fchenduste eetikakoodeksi dokument<\/h4>\n\n\n\n<p><a href=\"https:\/\/tantsuliit.ee\/wp-content\/uploads\/2021\/02\/ETTL-eetilise-tegevuse-pohimotted.pdf\">ETTL eetilise tegevuse p\u00f5him\u00f5tted<\/a><\/p>\n\n\n\n<h4 class=\"wp-block-heading\">Eesti etenduskunstide valdkonna arengukava<\/h4>\n\n\n\n<p> <a href=\"https:\/\/tantsuliit.ee\/wp-content\/uploads\/2024\/04\/Etenduskunstidevaldkonnaarengukava24_27.pdf\" title=\"\">Eesti etenduskunstide valdkonna arengukava 2024-2027<\/a><\/p>\n\n\n\n<p><\/p>","protected":false},"excerpt":{"rendered":"<p>P\u00f5hikiri Liidu arengukava 2024-2029 \u00dcldkoosolekute protokollid 11.04.2025 \u00fcldkoosoleku protokoll 04.06.2024 \u00fcldkoosoleku protokoll 19.04.2024 \u00fcldkoosoleku protokoll 06.04.2023 u\u0308ldkoosoleku protokoll 08.04.2022 \u00fcldkoosoleku [&hellip;]<\/p>\n","protected":false},"author":1,"featured_media":0,"parent":33,"menu_order":0,"comment_status":"closed","ping_status":"closed","template":"","meta":{"_acf_changed":false,"site-sidebar-layout":"default","site-content-layout":"","ast-site-content-layout":"default","site-content-style":"default","site-sidebar-style":"default","ast-global-header-display":"","ast-banner-title-visibility":"","ast-main-header-display":"","ast-hfb-above-header-display":"","ast-hfb-below-header-display":"","ast-hfb-mobile-header-display":"","site-post-title":"","ast-breadcrumbs-content":"","ast-featured-img":"","footer-sml-layout":"","ast-disable-related-posts":"","theme-transparent-header-meta":"","adv-header-id-meta":"","stick-header-meta":"","header-above-stick-meta":"","header-main-stick-meta":"","header-below-stick-meta":"","astra-migrate-meta-layouts":"set","ast-page-background-enabled":"default","ast-page-background-meta":{"desktop":{"background-color":"var(--ast-global-color-4)","background-image":"","background-repeat":"repeat","background-position":"center center","background-size":"auto","background-attachment":"scroll","background-type":"","background-media":"","overlay-type":"","overlay-color":"","overlay-opacity":"","overlay-gradient":""},"tablet":{"background-color":"","background-image":"","background-repeat":"repeat","background-position":"center center","background-size":"auto","background-attachment":"scroll","background-type":"","background-media":"","overlay-type":"","overlay-color":"","overlay-opacity":"","overlay-gradient":""},"mobile":{"background-color":"","background-image":"","background-repeat":"repeat","background-position":"center center","background-size":"auto","background-attachment":"scroll","background-type":"","background-media":"","overlay-type":"","overlay-color":"","overlay-opacity":"","overlay-gradient":""}},"ast-content-background-meta":{"desktop":{"background-color":"var(--ast-global-color-5)","background-image":"","background-repeat":"repeat","background-position":"center center","background-size":"auto","background-attachment":"scroll","background-type":"","background-media":"","overlay-type":"","overlay-color":"","overlay-opacity":"","overlay-gradient":""},"tablet":{"background-color":"var(--ast-global-color-5)","background-image":"","background-repeat":"repeat","background-position":"center center","background-size":"auto","background-attachment":"scroll","background-type":"","background-media":"","overlay-type":"","overlay-color":"","overlay-opacity":"","overlay-gradient":""},"mobile":{"background-color":"var(--ast-global-color-5)","background-image":"","background-repeat":"repeat","background-position":"center center","background-size":"auto","background-attachment":"scroll","background-type":"","background-media":"","overlay-type":"","overlay-color":"","overlay-opacity":"","overlay-gradient":""}},"footnotes":""},"class_list":["post-67","page","type-page","status-publish","hentry"],"acf":[],"yoast_head":"<!-- This site is optimized with the Yoast SEO plugin v27.4 - https:\/\/yoast.com\/product\/yoast-seo-wordpress\/ -->\n<title>Dokumendid - Eesti Tantsukunsti ja Tantsuhariduse Liit<\/title>\n<meta name=\"robots\" content=\"index, follow, max-snippet:-1, max-image-preview:large, max-video-preview:-1\" \/>\n<link rel=\"canonical\" href=\"https:\/\/tantsuliit.ee\/en\/meist_vana\/dokumendid\/\" \/>\n<meta property=\"og:locale\" content=\"en_GB\" \/>\n<meta property=\"og:type\" content=\"article\" \/>\n<meta property=\"og:title\" content=\"Dokumendid - Eesti Tantsukunsti ja Tantsuhariduse Liit\" \/>\n<meta property=\"og:description\" content=\"P\u00f5hikiri Liidu arengukava 2024-2029 \u00dcldkoosolekute protokollid 11.04.2025 \u00fcldkoosoleku protokoll 04.06.2024 \u00fcldkoosoleku protokoll 19.04.2024 \u00fcldkoosoleku protokoll 06.04.2023 u\u0308ldkoosoleku protokoll 08.04.2022 \u00fcldkoosoleku [&hellip;]\" \/>\n<meta property=\"og:url\" content=\"https:\/\/tantsuliit.ee\/en\/meist_vana\/dokumendid\/\" \/>\n<meta property=\"og:site_name\" content=\"Eesti Tantsukunsti ja Tantsuhariduse Liit\" \/>\n<meta property=\"article:publisher\" content=\"https:\/\/www.facebook.com\/tantsuliit\" \/>\n<meta property=\"article:modified_time\" content=\"2025-04-15T12:59:07+00:00\" \/>\n<meta name=\"twitter:card\" content=\"summary_large_image\" \/>\n<meta name=\"twitter:label1\" content=\"Estimated reading time\" \/>\n\t<meta name=\"twitter:data1\" content=\"1 minute\" \/>\n<script type=\"application\/ld+json\" class=\"yoast-schema-graph\">{\"@context\":\"https:\\\/\\\/schema.org\",\"@graph\":[{\"@type\":\"WebPage\",\"@id\":\"https:\\\/\\\/tantsuliit.ee\\\/meist_vana\\\/dokumendid\\\/\",\"url\":\"https:\\\/\\\/tantsuliit.ee\\\/meist_vana\\\/dokumendid\\\/\",\"name\":\"Dokumendid - Eesti Tantsukunsti ja Tantsuhariduse Liit\",\"isPartOf\":{\"@id\":\"https:\\\/\\\/tantsuliit.ee\\\/#website\"},\"datePublished\":\"2017-10-31T09:46:48+00:00\",\"dateModified\":\"2025-04-15T12:59:07+00:00\",\"breadcrumb\":{\"@id\":\"https:\\\/\\\/tantsuliit.ee\\\/meist_vana\\\/dokumendid\\\/#breadcrumb\"},\"inLanguage\":\"en-GB\",\"potentialAction\":[{\"@type\":\"ReadAction\",\"target\":[\"https:\\\/\\\/tantsuliit.ee\\\/meist_vana\\\/dokumendid\\\/\"]}]},{\"@type\":\"BreadcrumbList\",\"@id\":\"https:\\\/\\\/tantsuliit.ee\\\/meist_vana\\\/dokumendid\\\/#breadcrumb\",\"itemListElement\":[{\"@type\":\"ListItem\",\"position\":1,\"name\":\"Avaleht\",\"item\":\"https:\\\/\\\/tantsuliit.ee\\\/\"},{\"@type\":\"ListItem\",\"position\":2,\"name\":\"Meist_vana\",\"item\":\"https:\\\/\\\/tantsuliit.ee\\\/meist_vana\\\/\"},{\"@type\":\"ListItem\",\"position\":3,\"name\":\"Dokumendid\"}]},{\"@type\":\"WebSite\",\"@id\":\"https:\\\/\\\/tantsuliit.ee\\\/#website\",\"url\":\"https:\\\/\\\/tantsuliit.ee\\\/\",\"name\":\"Eesti Tantsukunsti ja Tantsuhariduse Liit\",\"description\":\"ETTL toetab ja \u00fchendab Eesti tantsukunstnikke ja -\u00f5petajaid, pakkudes ressursse, haridust ja platvorme tantsukunsti edendamiseks ja huvide kaitsmiseks.\",\"publisher\":{\"@id\":\"https:\\\/\\\/tantsuliit.ee\\\/#organization\"},\"potentialAction\":[{\"@type\":\"SearchAction\",\"target\":{\"@type\":\"EntryPoint\",\"urlTemplate\":\"https:\\\/\\\/tantsuliit.ee\\\/?s={search_term_string}\"},\"query-input\":{\"@type\":\"PropertyValueSpecification\",\"valueRequired\":true,\"valueName\":\"search_term_string\"}}],\"inLanguage\":\"en-GB\"},{\"@type\":\"Organization\",\"@id\":\"https:\\\/\\\/tantsuliit.ee\\\/#organization\",\"name\":\"Eesti Tantsukunsti ja Tantsuhariduse Liit\",\"url\":\"https:\\\/\\\/tantsuliit.ee\\\/\",\"logo\":{\"@type\":\"ImageObject\",\"inLanguage\":\"en-GB\",\"@id\":\"https:\\\/\\\/tantsuliit.ee\\\/#\\\/schema\\\/logo\\\/image\\\/\",\"url\":\"https:\\\/\\\/tantsuliit.ee\\\/wp-content\\\/uploads\\\/2024\\\/12\\\/ettllogowhitespace0.png\",\"contentUrl\":\"https:\\\/\\\/tantsuliit.ee\\\/wp-content\\\/uploads\\\/2024\\\/12\\\/ettllogowhitespace0.png\",\"width\":433,\"height\":79,\"caption\":\"Eesti Tantsukunsti ja Tantsuhariduse Liit\"},\"image\":{\"@id\":\"https:\\\/\\\/tantsuliit.ee\\\/#\\\/schema\\\/logo\\\/image\\\/\"},\"sameAs\":[\"https:\\\/\\\/www.facebook.com\\\/tantsuliit\",\"https:\\\/\\\/www.instagram.com\\\/tantsuliit\\\/\"]}]}<\/script>\n<!-- \/ Yoast SEO plugin. -->","yoast_head_json":{"title":"Dokumendid - Eesti Tantsukunsti ja Tantsuhariduse Liit","robots":{"index":"index","follow":"follow","max-snippet":"max-snippet:-1","max-image-preview":"max-image-preview:large","max-video-preview":"max-video-preview:-1"},"canonical":"https:\/\/tantsuliit.ee\/en\/meist_vana\/dokumendid\/","og_locale":"en_GB","og_type":"article","og_title":"Dokumendid - Eesti Tantsukunsti ja Tantsuhariduse Liit","og_description":"P\u00f5hikiri Liidu arengukava 2024-2029 \u00dcldkoosolekute protokollid 11.04.2025 \u00fcldkoosoleku protokoll 04.06.2024 \u00fcldkoosoleku protokoll 19.04.2024 \u00fcldkoosoleku protokoll 06.04.2023 u\u0308ldkoosoleku protokoll 08.04.2022 \u00fcldkoosoleku [&hellip;]","og_url":"https:\/\/tantsuliit.ee\/en\/meist_vana\/dokumendid\/","og_site_name":"Eesti Tantsukunsti ja Tantsuhariduse Liit","article_publisher":"https:\/\/www.facebook.com\/tantsuliit","article_modified_time":"2025-04-15T12:59:07+00:00","twitter_card":"summary_large_image","twitter_misc":{"Estimated reading time":"1 minute"},"schema":{"@context":"https:\/\/schema.org","@graph":[{"@type":"WebPage","@id":"https:\/\/tantsuliit.ee\/meist_vana\/dokumendid\/","url":"https:\/\/tantsuliit.ee\/meist_vana\/dokumendid\/","name":"Dokumendid - Eesti Tantsukunsti ja Tantsuhariduse Liit","isPartOf":{"@id":"https:\/\/tantsuliit.ee\/#website"},"datePublished":"2017-10-31T09:46:48+00:00","dateModified":"2025-04-15T12:59:07+00:00","breadcrumb":{"@id":"https:\/\/tantsuliit.ee\/meist_vana\/dokumendid\/#breadcrumb"},"inLanguage":"en-GB","potentialAction":[{"@type":"ReadAction","target":["https:\/\/tantsuliit.ee\/meist_vana\/dokumendid\/"]}]},{"@type":"BreadcrumbList","@id":"https:\/\/tantsuliit.ee\/meist_vana\/dokumendid\/#breadcrumb","itemListElement":[{"@type":"ListItem","position":1,"name":"Avaleht","item":"https:\/\/tantsuliit.ee\/"},{"@type":"ListItem","position":2,"name":"Meist_vana","item":"https:\/\/tantsuliit.ee\/meist_vana\/"},{"@type":"ListItem","position":3,"name":"Dokumendid"}]},{"@type":"WebSite","@id":"https:\/\/tantsuliit.ee\/#website","url":"https:\/\/tantsuliit.ee\/","name":"Estonian Union of Dance Art and Dance Education","description":"ETTL toetab ja \u00fchendab Eesti tantsukunstnikke ja -\u00f5petajaid, pakkudes ressursse, haridust ja platvorme tantsukunsti edendamiseks ja huvide kaitsmiseks.","publisher":{"@id":"https:\/\/tantsuliit.ee\/#organization"},"potentialAction":[{"@type":"SearchAction","target":{"@type":"EntryPoint","urlTemplate":"https:\/\/tantsuliit.ee\/?s={search_term_string}"},"query-input":{"@type":"PropertyValueSpecification","valueRequired":true,"valueName":"search_term_string"}}],"inLanguage":"en-GB"},{"@type":"Organization","@id":"https:\/\/tantsuliit.ee\/#organization","name":"Estonian Union of Dance Art and Dance Education","url":"https:\/\/tantsuliit.ee\/","logo":{"@type":"ImageObject","inLanguage":"en-GB","@id":"https:\/\/tantsuliit.ee\/#\/schema\/logo\/image\/","url":"https:\/\/tantsuliit.ee\/wp-content\/uploads\/2024\/12\/ettllogowhitespace0.png","contentUrl":"https:\/\/tantsuliit.ee\/wp-content\/uploads\/2024\/12\/ettllogowhitespace0.png","width":433,"height":79,"caption":"Eesti Tantsukunsti ja Tantsuhariduse Liit"},"image":{"@id":"https:\/\/tantsuliit.ee\/#\/schema\/logo\/image\/"},"sameAs":["https:\/\/www.facebook.com\/tantsuliit","https:\/\/www.instagram.com\/tantsuliit\/"]}]}},"_links":{"self":[{"href":"https:\/\/tantsuliit.ee\/en\/wp-json\/wp\/v2\/pages\/67","targetHints":{"allow":["GET"]}}],"collection":[{"href":"https:\/\/tantsuliit.ee\/en\/wp-json\/wp\/v2\/pages"}],"about":[{"href":"https:\/\/tantsuliit.ee\/en\/wp-json\/wp\/v2\/types\/page"}],"author":[{"embeddable":true,"href":"https:\/\/tantsuliit.ee\/en\/wp-json\/wp\/v2\/users\/1"}],"replies":[{"embeddable":true,"href":"https:\/\/tantsuliit.ee\/en\/wp-json\/wp\/v2\/comments?post=67"}],"version-history":[{"count":0,"href":"https:\/\/tantsuliit.ee\/en\/wp-json\/wp\/v2\/pages\/67\/revisions"}],"up":[{"embeddable":true,"href":"https:\/\/tantsuliit.ee\/en\/wp-json\/wp\/v2\/pages\/33"}],"wp:attachment":[{"href":"https:\/\/tantsuliit.ee\/en\/wp-json\/wp\/v2\/media?parent=67"}],"curies":[{"name":"wp","href":"https:\/\/api.w.org\/{rel}","templated":true}]}}