{"id":5177,"date":"2024-01-29T23:24:12","date_gmt":"2024-01-29T21:24:12","guid":{"rendered":"https:\/\/tantsuliit.ee\/?page_id=5177"},"modified":"2024-01-29T23:42:15","modified_gmt":"2024-01-29T21:42:15","slug":"helena-pihel","status":"publish","type":"page","link":"https:\/\/tantsuliit.ee\/en\/preemia-neggo\/helena-pihel\/","title":{"rendered":"Helena Pihel"},"content":{"rendered":"\t\t<div data-elementor-type=\"wp-page\" data-elementor-id=\"5177\" class=\"elementor elementor-5177\" data-elementor-post-type=\"page\">\n\t\t\t\t<div class=\"elementor-element elementor-element-34b3d4d e-flex e-con-boxed e-con e-parent\" data-id=\"34b3d4d\" data-element_type=\"container\" data-e-type=\"container\" data-settings=\"{&quot;background_background&quot;:&quot;classic&quot;}\">\n\t\t\t\t\t<div class=\"e-con-inner\">\n\t\t\t\t<div class=\"elementor-element elementor-element-e4dde1b elementor-widget elementor-widget-theme-post-title elementor-page-title elementor-widget-heading\" data-id=\"e4dde1b\" data-element_type=\"widget\" data-e-type=\"widget\" data-widget_type=\"theme-post-title.default\">\n\t\t\t\t\t<h1 class=\"elementor-heading-title elementor-size-default\">Helena Pihel<\/h1>\t\t\t\t<\/div>\n\t\t\t\t\t<\/div>\n\t\t\t\t<\/div>\n\t\t<div class=\"elementor-element elementor-element-f406ac4 e-flex e-con-boxed e-con e-parent\" data-id=\"f406ac4\" data-element_type=\"container\" data-e-type=\"container\">\n\t\t\t\t\t<div class=\"e-con-inner\">\n\t\t<div class=\"elementor-element elementor-element-b4cef7f e-con-full e-flex e-con e-child\" data-id=\"b4cef7f\" data-element_type=\"container\" data-e-type=\"container\">\n\t\t\t\t<div class=\"elementor-element elementor-element-3d8db0f elementor-widget elementor-widget-text-editor\" data-id=\"3d8db0f\" data-element_type=\"widget\" data-e-type=\"widget\" data-widget_type=\"text-editor.default\">\n\t\t\t\t\t\t\t\t\t<p>Kaasaegse tantsu \u00f5petajana suunab Helena noori uurima, erinevaid liikumisviise\/tantsustiile katsetades ennast \u00fcletama ja iseennast ning oma tegevust eritlema. \u00d5ppet\u00f6\u00f6s v\u00f5imaldab Helena \u00f5pilastele vabadust, innustades neid ennast v\u00e4ljendama ja omi m\u00f5tteid ellu viima \u2013 ta v\u00e4\u00e4rtustab ja hoogustab \u00f5pilaste iseseisvat m\u00f5tlemist ning toetab erinevate lisategevustega noorte loomingu esile toomist.<\/p><p>\u00d5petamine on Helena jaoks protsess, milles toimub dialoog \u00f5ppija ja \u00f5petaja vahel \u2013 oluline on t\u00e4helepanu suunamine \u00f5ppijate arengule ning \u00f5ppest saadavate praktiliste kogemuste kasvatuslike aspektidele. Helena l\u00e4htub t\u00f5ekspidamisest, et tantsu \u00f5petamise kaudu saab kaasa aidata tervikliku ja m\u00f5tleva inimese eluloomele. Igast noorest ei saa elukutselist tantsijat, koreograafi v\u00f5i \u00f5petajat, k\u00fcll aga on tantsu\u00f5petajatel v\u00f5imalus oma t\u00f6\u00f6s anda suur panus sellesse, et iga tantsuga tegelev noor oleks hooliv, peaks lugu endast ja teistest, tahaks ja oskaks oma tegevusi eritleda ning oleks oma v\u00f5imetele vastava tehnilise tasemega looja ja tantsija.<\/p><p>Helena Pihel on l\u00f5petanud Tallinna \u00dclikooli Kunstide Instituudi koreograafia bakalaureuse\u00f5ppe (2009) ning <em>cum laude\u00a0<\/em>koreograaf-tantsu\u00f5petaja magistri\u00f5ppe ja Tallinna \u00dclikooli \u00f5petajakoolituse (2011).<\/p><p>Lisaks on Helena end t\u00e4iendanud mitmek\u00fcmnel tantsu- ja \u00fcldhariduse koolitusel ja programmis Tallinna \u00dclikoolis, Eesti Tantsuagentuuris, Eesti Tantsuhuvihariduse Liidus, Haridus ja Noorsooametis, Noored Kooli projektis, Eesti Hariduse Kvaliteediagentuuris jm.<\/p><p>Ta on Eesti Tantsuagentuuri Tantsukooli \u00f5ppekava juht, kaasaegse tantsu ja tantsuanal\u00fc\u00fcsi \u00f5petaja ning mentor; Ruila P\u00f5hikooli \u00f5ppejuht ja loovtantsu, tantsu ning inimese\u00f5petuse \u00f5petaja, loovt\u00f6\u00f6de juhendaja ja rahvatantsuringide juhendaja; Ruila P\u00f5hikooli Kirsiaia Lasteaia tantsu- ja liikumis\u00f5petaja. Helena on olnud Eesti Tantsuhuvihariduse Liidu noorte tantsu\u00f5petajate programmi \u00fcks mentoritest ja mitmel korral Eesti Tantsukunsti ja Tantsuhariduse Liidu poolt v\u00e4lja antava tantsuspetsialisti kutsestandardi hindamiskomisjoni hindaja.<\/p><p>Helena on festivali Koolitants noorte \u017e\u00fcrii t\u00f6\u00f6grupi eestvedaja, kelle \u00fclesandeks on arutelude suunamine ja \u00fchiselt kokku lepitud hindamisp\u00f5him\u00f5tete m\u00e4\u00e4ratlemine. K\u00fcmme aastat 2009-2019 korraldas Helena koos kaaslastega Hiiumaa TantsuFestivali, mis t\u00f5i kokku kutselised tantsukunstnikud- ja \u00f5petajad ning noored tantsijad.<\/p><p>\u00a0<\/p>\t\t\t\t\t\t\t\t<\/div>\n\t\t\t\t<div class=\"elementor-element elementor-element-f0e734f elementor-pagination-type-bullets elementor-arrows-position-inside elementor-pagination-position-outside elementor-widget elementor-widget-n-carousel\" data-id=\"f0e734f\" data-element_type=\"widget\" data-e-type=\"widget\" data-settings=\"{&quot;carousel_items&quot;:[{&quot;slide_title&quot;:&quot;Preemiat tutvustav video&quot;,&quot;_id&quot;:&quot;85273eb&quot;}],&quot;slides_to_show&quot;:&quot;1&quot;,&quot;slides_to_show_tablet&quot;:&quot;2&quot;,&quot;slides_to_show_mobile&quot;:&quot;1&quot;,&quot;speed&quot;:500,&quot;arrows&quot;:&quot;yes&quot;,&quot;pagination&quot;:&quot;bullets&quot;,&quot;image_spacing_custom&quot;:{&quot;unit&quot;:&quot;px&quot;,&quot;size&quot;:10,&quot;sizes&quot;:[]},&quot;image_spacing_custom_tablet&quot;:{&quot;unit&quot;:&quot;px&quot;,&quot;size&quot;:&quot;&quot;,&quot;sizes&quot;:[]},&quot;image_spacing_custom_mobile&quot;:{&quot;unit&quot;:&quot;px&quot;,&quot;size&quot;:&quot;&quot;,&quot;sizes&quot;:[]}}\" data-widget_type=\"nested-carousel.default\">\n\t\t\t\t\t\t\t<div class=\"e-n-carousel swiper\" role=\"region\" aria-roledescription=\"carousel\" aria-label=\"Carousel\" dir=\"ltr\">\n\t\t\t<div class=\"swiper-wrapper\" aria-live=\"polite\">\n\t\t\t\t\t\t\t\t\t\t<div class=\"swiper-slide\" data-slide=\"1\" role=\"group\" aria-roledescription=\"slide\" aria-label=\"1 of 1\">\n\t\t\t\t\t\t\t<div class=\"elementor-element elementor-element-fe86986 e-flex e-con-boxed e-con e-child\" data-id=\"fe86986\" data-element_type=\"container\" data-e-type=\"container\">\n\t\t\t\t\t<div class=\"e-con-inner\">\n\t\t<div class=\"elementor-element elementor-element-e3c393d e-flex e-con-boxed e-con e-child\" data-id=\"e3c393d\" data-element_type=\"container\" data-e-type=\"container\" data-settings=\"{&quot;background_background&quot;:&quot;classic&quot;}\">\n\t\t\t\t\t<div class=\"e-con-inner\">\n\t\t\t\t<div class=\"elementor-element elementor-element-3da1fc4 elementor-widget elementor-widget-video\" data-id=\"3da1fc4\" data-element_type=\"widget\" data-e-type=\"widget\" data-settings=\"{&quot;youtube_url&quot;:&quot;https:\\\/\\\/youtu.be\\\/u7V3X7tMFkg&quot;,&quot;show_image_overlay&quot;:&quot;yes&quot;,&quot;image_overlay&quot;:{&quot;url&quot;:&quot;&quot;,&quot;id&quot;:&quot;&quot;,&quot;size&quot;:&quot;&quot;,&quot;alt&quot;:&quot;&quot;,&quot;source&quot;:&quot;library&quot;},&quot;video_type&quot;:&quot;youtube&quot;,&quot;controls&quot;:&quot;yes&quot;}\" data-widget_type=\"video.default\">\n\t\t\t\t\t\t\t<div class=\"elementor-wrapper elementor-open-inline\">\n\t\t\t<div class=\"elementor-video\"><\/div>\t\t<\/div>\n\t\t\t\t\t\t<\/div>\n\t\t\t\t\t<\/div>\n\t\t\t\t<\/div>\n\t\t\t\t\t<\/div>\n\t\t\t\t<\/div>\n\t\t\t\t\t\t\t\t<\/div>\n\t\t\t\t\t\t\t\t<\/div>\n\t\t<\/div>\n\t\t\t\t\t\t<\/div>\n\t\t\t\t<div class=\"elementor-element elementor-element-477a573 elementor-widget elementor-widget-heading\" data-id=\"477a573\" data-element_type=\"widget\" data-e-type=\"widget\" data-widget_type=\"heading.default\">\n\t\t\t\t\t<h2 class=\"elementor-heading-title elementor-size-default\">Kajastused<\/h2>\t\t\t\t<\/div>\n\t\t\t\t<div class=\"elementor-element elementor-element-8b6e31e elementor-icon-list--layout-traditional elementor-list-item-link-full_width elementor-widget elementor-widget-icon-list\" data-id=\"8b6e31e\" data-element_type=\"widget\" data-e-type=\"widget\" data-widget_type=\"icon-list.default\">\n\t\t\t\t\t\t\t<ul class=\"elementor-icon-list-items\">\n\t\t\t\t\t\t\t<li class=\"elementor-icon-list-item\">\n\t\t\t\t\t\t\t\t\t\t\t<a href=\"https:\/\/kuukiri.tantsuliit.ee\/artikkel\/helena-pihelist-mentorist-kelle-juhendamine-ulatub-tantsust-kaugemale\/\">\n\n\t\t\t\t\t\t\t\t\t\t\t\t<span class=\"elementor-icon-list-icon\">\n\t\t\t\t\t\t\t<i aria-hidden=\"true\" class=\"fas fa-circle\"><\/i>\t\t\t\t\t\t<\/span>\n\t\t\t\t\t\t\t\t\t\t<span class=\"elementor-icon-list-text\">TantsuKuukiri nr 132 \u2013 detsember 2023 \u2013 HELENA PIHELIST \u2013 MENTORIST, KELLE JUHENDAMINE ULATUB TANTSUST KAUGEMALE<\/span>\n\t\t\t\t\t\t\t\t\t\t\t<\/a>\n\t\t\t\t\t\t\t\t\t<\/li>\n\t\t\t\t\t\t<\/ul>\n\t\t\t\t\t\t<\/div>\n\t\t\t\t<\/div>\n\t\t<div class=\"elementor-element elementor-element-a3c9c8d e-con-full e-flex e-con e-child\" data-id=\"a3c9c8d\" data-element_type=\"container\" data-e-type=\"container\" data-settings=\"{&quot;background_background&quot;:&quot;classic&quot;}\">\n\t\t\t\t<div class=\"elementor-element elementor-element-1969aa6 elementor-cta--skin-classic elementor-animated-content elementor-bg-transform elementor-bg-transform-zoom-in elementor-widget elementor-widget-call-to-action\" data-id=\"1969aa6\" data-element_type=\"widget\" data-e-type=\"widget\" data-widget_type=\"call-to-action.default\">\n\t\t\t\t\t\t\t<div class=\"elementor-cta\">\n\t\t\t\t\t\t\t<div class=\"elementor-cta__content\">\n\t\t\t\t\n\t\t\t\t\t\t\t\t\t<h2 class=\"elementor-cta__title elementor-cta__content-item elementor-content-item\">\n\t\t\t\t\t\tHelena Pihel\t\t\t\t\t<\/h2>\n\t\t\t\t\n\t\t\t\t\t\t\t\t\t<div class=\"elementor-cta__description elementor-cta__content-item elementor-content-item\">\n\t\t\t\t\t\tGerd Neggo preemia laureaat 2023\t\t\t\t\t<\/div>\n\t\t\t\t\n\t\t\t\t\t\t\t<\/div>\n\t\t\t\t\t\t<\/div>\n\t\t\t\t\t\t<\/div>\n\t\t\t\t<div class=\"elementor-element elementor-element-24c13f3 elementor-widget elementor-widget-gallery\" data-id=\"24c13f3\" data-element_type=\"widget\" data-e-type=\"widget\" data-settings=\"{&quot;columns&quot;:1,&quot;gap&quot;:{&quot;unit&quot;:&quot;px&quot;,&quot;size&quot;:1,&quot;sizes&quot;:[]},&quot;aspect_ratio&quot;:&quot;16:9&quot;,&quot;overlay_description&quot;:&quot;caption&quot;,&quot;lazyload&quot;:&quot;yes&quot;,&quot;gallery_layout&quot;:&quot;grid&quot;,&quot;columns_tablet&quot;:2,&quot;columns_mobile&quot;:1,&quot;gap_tablet&quot;:{&quot;unit&quot;:&quot;px&quot;,&quot;size&quot;:10,&quot;sizes&quot;:[]},&quot;gap_mobile&quot;:{&quot;unit&quot;:&quot;px&quot;,&quot;size&quot;:10,&quot;sizes&quot;:[]},&quot;link_to&quot;:&quot;file&quot;,&quot;overlay_background&quot;:&quot;yes&quot;,&quot;content_hover_animation&quot;:&quot;fade-in&quot;}\" data-widget_type=\"gallery.default\">\n\t\t\t\t\t\t\t<div class=\"elementor-gallery__container\">\n\t\t\t\t\t\t\t<a class=\"e-gallery-item elementor-gallery-item elementor-animated-content\" href=\"https:\/\/tantsuliit.ee\/wp-content\/uploads\/2023\/11\/IMG_0451.jpg\" data-elementor-open-lightbox=\"yes\" data-elementor-lightbox-slideshow=\"24c13f3\" data-elementor-lightbox-title=\"IMG_0451\" data-e-action-hash=\"#elementor-action%3Aaction%3Dlightbox%26settings%3DeyJpZCI6NTA5MCwidXJsIjoiaHR0cHM6XC9cL3RhbnRzdWxpaXQuZWVcL3dwLWNvbnRlbnRcL3VwbG9hZHNcLzIwMjNcLzExXC9JTUdfMDQ1MS5qcGciLCJzbGlkZXNob3ciOiIyNGMxM2YzIn0%3D\">\n\t\t\t\t\t<div class=\"e-gallery-image elementor-gallery-item__image\" data-thumbnail=\"https:\/\/tantsuliit.ee\/wp-content\/uploads\/2023\/11\/IMG_0451-768x512.jpg\" data-width=\"768\" data-height=\"512\" aria-label=\"\" role=\"img\" ><\/div>\n\t\t\t\t\t\t\t\t\t\t\t<div class=\"elementor-gallery-item__overlay\"><\/div>\n\t\t\t\t\t\t\t\t\t\t\t\t\t\t\t<div class=\"elementor-gallery-item__content\">\n\t\t\t\t\t\t\t\t\t\t\t<\/div>\n\t\t\t\t\t\t\t\t\t<\/a>\n\t\t\t\t\t<\/div>\n\t\t\t\t\t<\/div>\n\t\t\t\t<div class=\"elementor-element elementor-element-b3650b1 elementor-widget elementor-widget-text-editor\" data-id=\"b3650b1\" data-element_type=\"widget\" data-e-type=\"widget\" data-widget_type=\"text-editor.default\">\n\t\t\t\t\t\t\t\t\t<p><strong>Laureaadi v\u00e4ljakuulutamine ja preemia \u00fcleandmine toimus Tantsuhuvihariduse Galal 18. novembril Viimsi Artiumis.<\/strong><\/p><p>Eesti tantsuajaloo suure m\u00f5jutaja, tantsija, tantsulavastaja ja pedagoogi Gerd Neggo (09.11.1891\u201301.09.1974) nimelise tantsu\u00f5petaja preemia eesm\u00e4rgiks on tunnustada p\u00fchendunud tantsu\u00f5petajat, kelle t\u00f6\u00f6s peegeldub meisterlikkus ja sisukus, avatus ja koost\u00f6\u00f6valmidus ning tegusus ja tahe panustada Eesti tantsuellu.\u00a0<\/p><p>2023. aasta Gerd Neggo preemia kandidaadid olid Dagmar Rang-Saal, Helena Pihel, Ilma Adamson, Kalev J\u00e4rvela, Kristiin Kulpson, Kristin Tagam, Merle Saarva, Paul Bobkov ja Tiina Kaev.\u00a0<\/p><div class=\"panel-row-style kt-row-style-no-padding kt_sep_panel sep_center_triangle \" data-stretch-type=\"full-stretched\">\u00a0<\/div>\t\t\t\t\t\t\t\t<\/div>\n\t\t\t\t<\/div>\n\t\t\t\t\t<\/div>\n\t\t\t\t<\/div>\n\t\t<div class=\"elementor-element elementor-element-0ba5fa6 e-flex e-con-boxed e-con e-parent\" data-id=\"0ba5fa6\" data-element_type=\"container\" data-e-type=\"container\">\n\t\t\t\t\t<div class=\"e-con-inner\">\n\t\t\t\t<div class=\"elementor-element elementor-element-c03c7a9 elementor-widget elementor-widget-heading\" data-id=\"c03c7a9\" data-element_type=\"widget\" data-e-type=\"widget\" data-widget_type=\"heading.default\">\n\t\t\t\t\t<h2 class=\"elementor-heading-title elementor-size-default\">Gerd Neggo Preemiast<\/h2>\t\t\t\t<\/div>\n\t\t\t\t\t<\/div>\n\t\t\t\t<\/div>\n\t\t<div class=\"elementor-element elementor-element-2ac7a50 e-flex e-con-boxed e-con e-parent\" data-id=\"2ac7a50\" data-element_type=\"container\" data-e-type=\"container\">\n\t\t\t\t\t<div class=\"e-con-inner\">\n\t\t\t\t<div class=\"elementor-element elementor-element-b99a88f elementor-widget elementor-widget-text-editor\" data-id=\"b99a88f\" data-element_type=\"widget\" data-e-type=\"widget\" data-widget_type=\"text-editor.default\">\n\t\t\t\t\t\t\t\t\t<p>2023 aasta 9. novembril m\u00f6\u00f6dus Gerd Neggo s\u00fcnnist 132 aastat. T\u00e4navu anti Gerd Neggo tunnustuspreemia v\u00e4lja kolmeteistk\u00fcmnendat korda. Laureaadi v\u00e4ljakuulutamine ja preemia \u00fcleandmine toimus Tantsuhuvihariduse Galal 18. novembril Viimsi Artiumis. S\u00fcndmust korraldas Eesti Tantsuhuvihariduse Liit koost\u00f6\u00f6s Eesti Tantsukunsti ja Tantsuhariduse Liidu ning Eesti Noorte Tantsu \u00dchinguga.<\/p><p>Eesti Tantsukunsti ja Tantsuhariduse Liidu poolt v\u00e4lja antavat Gerd Neggo nimelist tantsu\u00f5petaja tunnustuspreemiat rahastab Eesti Kultuurkapitali rahvakultuuri sihtkapital. Preemia suurus on 2000 eurot.<\/p><p>Eelnevatel aastatel on Gerd Neggo nimelise tantsu\u00f5petaja tunnustuspreemia p\u00e4lvinud Tiina Pikas, Leili V\u00e4isa, Meeli P\u00e4rna, Elena Poznjak-K\u00f5lar, Anu S\u00f6\u00f6t, Eve Noormets, Irina P\u00e4hn, Inna Sulg, Anu Ruusmaa, Anne Tamm-Kivimets, Rene N\u00f5mmik ja Raido M\u00e4gi.<\/p>\t\t\t\t\t\t\t\t<\/div>\n\t\t\t\t\t<\/div>\n\t\t\t\t<\/div>\n\t\t\t\t<\/div>\n\t\t","protected":false},"excerpt":{"rendered":"<p>Kaasaegse tantsu \u00f5petajana suunab Helena noori uurima, erinevaid liikumisviise\/tantsustiile katsetades ennast \u00fcletama ja iseennast ning oma tegevust eritlema. \u00d5ppet\u00f6\u00f6s v\u00f5imaldab [&hellip;]<\/p>\n","protected":false},"author":1,"featured_media":0,"parent":75,"menu_order":0,"comment_status":"closed","ping_status":"closed","template":"","meta":{"_acf_changed":false,"site-sidebar-layout":"no-sidebar","site-content-layout":"page-builder","ast-site-content-layout":"full-width-container","site-content-style":"default","site-sidebar-style":"default","ast-global-header-display":"","ast-banner-title-visibility":"","ast-main-header-display":"","ast-hfb-above-header-display":"","ast-hfb-below-header-display":"","ast-hfb-mobile-header-display":"","site-post-title":"disabled","ast-breadcrumbs-content":"","ast-featured-img":"disabled","footer-sml-layout":"","ast-disable-related-posts":"","theme-transparent-header-meta":"","adv-header-id-meta":"","stick-header-meta":"","header-above-stick-meta":"","header-main-stick-meta":"","header-below-stick-meta":"","astra-migrate-meta-layouts":"set","ast-page-background-enabled":"default","ast-page-background-meta":{"desktop":{"background-color":"var(--ast-global-color-4)","background-image":"","background-repeat":"repeat","background-position":"center center","background-size":"auto","background-attachment":"scroll","background-type":"","background-media":"","overlay-type":"","overlay-color":"","overlay-opacity":"","overlay-gradient":""},"tablet":{"background-color":"","background-image":"","background-repeat":"repeat","background-position":"center center","background-size":"auto","background-attachment":"scroll","background-type":"","background-media":"","overlay-type":"","overlay-color":"","overlay-opacity":"","overlay-gradient":""},"mobile":{"background-color":"","background-image":"","background-repeat":"repeat","background-position":"center center","background-size":"auto","background-attachment":"scroll","background-type":"","background-media":"","overlay-type":"","overlay-color":"","overlay-opacity":"","overlay-gradient":""}},"ast-content-background-meta":{"desktop":{"background-color":"var(--ast-global-color-5)","background-image":"","background-repeat":"repeat","background-position":"center center","background-size":"auto","background-attachment":"scroll","background-type":"","background-media":"","overlay-type":"","overlay-color":"","overlay-opacity":"","overlay-gradient":""},"tablet":{"background-color":"var(--ast-global-color-5)","background-image":"","background-repeat":"repeat","background-position":"center center","background-size":"auto","background-attachment":"scroll","background-type":"","background-media":"","overlay-type":"","overlay-color":"","overlay-opacity":"","overlay-gradient":""},"mobile":{"background-color":"var(--ast-global-color-5)","background-image":"","background-repeat":"repeat","background-position":"center center","background-size":"auto","background-attachment":"scroll","background-type":"","background-media":"","overlay-type":"","overlay-color":"","overlay-opacity":"","overlay-gradient":""}},"footnotes":""},"class_list":["post-5177","page","type-page","status-publish","hentry"],"acf":[],"yoast_head":"<!-- This site is optimized with the Yoast SEO plugin v27.5 - https:\/\/yoast.com\/product\/yoast-seo-wordpress\/ -->\n<title>Helena Pihel - Eesti Tantsukunsti ja Tantsuhariduse Liit<\/title>\n<meta name=\"robots\" content=\"index, follow, max-snippet:-1, max-image-preview:large, max-video-preview:-1\" \/>\n<link rel=\"canonical\" href=\"https:\/\/tantsuliit.ee\/en\/preemia-neggo\/helena-pihel\/\" \/>\n<meta property=\"og:locale\" content=\"en_GB\" \/>\n<meta property=\"og:type\" content=\"article\" \/>\n<meta property=\"og:title\" content=\"Helena Pihel - Eesti Tantsukunsti ja Tantsuhariduse Liit\" \/>\n<meta property=\"og:description\" content=\"Kaasaegse tantsu \u00f5petajana suunab Helena noori uurima, erinevaid liikumisviise\/tantsustiile katsetades ennast \u00fcletama ja iseennast ning oma tegevust eritlema. \u00d5ppet\u00f6\u00f6s v\u00f5imaldab [&hellip;]\" \/>\n<meta property=\"og:url\" content=\"https:\/\/tantsuliit.ee\/en\/preemia-neggo\/helena-pihel\/\" \/>\n<meta property=\"og:site_name\" content=\"Eesti Tantsukunsti ja Tantsuhariduse Liit\" \/>\n<meta property=\"article:publisher\" content=\"https:\/\/www.facebook.com\/tantsuliit\" \/>\n<meta property=\"article:modified_time\" content=\"2024-01-29T21:42:15+00:00\" \/>\n<meta name=\"twitter:card\" content=\"summary_large_image\" \/>\n<meta name=\"twitter:label1\" content=\"Estimated reading time\" \/>\n\t<meta name=\"twitter:data1\" content=\"3 minutes\" \/>\n<script type=\"application\/ld+json\" class=\"yoast-schema-graph\">{\"@context\":\"https:\\\/\\\/schema.org\",\"@graph\":[{\"@type\":\"WebPage\",\"@id\":\"https:\\\/\\\/tantsuliit.ee\\\/preemia-neggo\\\/helena-pihel\\\/\",\"url\":\"https:\\\/\\\/tantsuliit.ee\\\/preemia-neggo\\\/helena-pihel\\\/\",\"name\":\"Helena Pihel - Eesti Tantsukunsti ja Tantsuhariduse Liit\",\"isPartOf\":{\"@id\":\"https:\\\/\\\/tantsuliit.ee\\\/#website\"},\"datePublished\":\"2024-01-29T21:24:12+00:00\",\"dateModified\":\"2024-01-29T21:42:15+00:00\",\"breadcrumb\":{\"@id\":\"https:\\\/\\\/tantsuliit.ee\\\/preemia-neggo\\\/helena-pihel\\\/#breadcrumb\"},\"inLanguage\":\"en-GB\",\"potentialAction\":[{\"@type\":\"ReadAction\",\"target\":[\"https:\\\/\\\/tantsuliit.ee\\\/preemia-neggo\\\/helena-pihel\\\/\"]}]},{\"@type\":\"BreadcrumbList\",\"@id\":\"https:\\\/\\\/tantsuliit.ee\\\/preemia-neggo\\\/helena-pihel\\\/#breadcrumb\",\"itemListElement\":[{\"@type\":\"ListItem\",\"position\":1,\"name\":\"Avaleht\",\"item\":\"https:\\\/\\\/tantsuliit.ee\\\/\"},{\"@type\":\"ListItem\",\"position\":2,\"name\":\"Gerd Neggo preemia\",\"item\":\"https:\\\/\\\/tantsuliit.ee\\\/preemia-neggo\\\/\"},{\"@type\":\"ListItem\",\"position\":3,\"name\":\"Helena Pihel\"}]},{\"@type\":\"WebSite\",\"@id\":\"https:\\\/\\\/tantsuliit.ee\\\/#website\",\"url\":\"https:\\\/\\\/tantsuliit.ee\\\/\",\"name\":\"Eesti Tantsukunsti ja Tantsuhariduse Liit\",\"description\":\"ETTL toetab ja \u00fchendab Eesti tantsukunstnikke ja -\u00f5petajaid, pakkudes ressursse, haridust ja platvorme tantsukunsti edendamiseks ja huvide kaitsmiseks.\",\"publisher\":{\"@id\":\"https:\\\/\\\/tantsuliit.ee\\\/#organization\"},\"potentialAction\":[{\"@type\":\"SearchAction\",\"target\":{\"@type\":\"EntryPoint\",\"urlTemplate\":\"https:\\\/\\\/tantsuliit.ee\\\/?s={search_term_string}\"},\"query-input\":{\"@type\":\"PropertyValueSpecification\",\"valueRequired\":true,\"valueName\":\"search_term_string\"}}],\"inLanguage\":\"en-GB\"},{\"@type\":\"Organization\",\"@id\":\"https:\\\/\\\/tantsuliit.ee\\\/#organization\",\"name\":\"Eesti Tantsukunsti ja Tantsuhariduse Liit\",\"url\":\"https:\\\/\\\/tantsuliit.ee\\\/\",\"logo\":{\"@type\":\"ImageObject\",\"inLanguage\":\"en-GB\",\"@id\":\"https:\\\/\\\/tantsuliit.ee\\\/#\\\/schema\\\/logo\\\/image\\\/\",\"url\":\"https:\\\/\\\/tantsuliit.ee\\\/wp-content\\\/uploads\\\/2024\\\/12\\\/ettllogowhitespace0.png\",\"contentUrl\":\"https:\\\/\\\/tantsuliit.ee\\\/wp-content\\\/uploads\\\/2024\\\/12\\\/ettllogowhitespace0.png\",\"width\":433,\"height\":79,\"caption\":\"Eesti Tantsukunsti ja Tantsuhariduse Liit\"},\"image\":{\"@id\":\"https:\\\/\\\/tantsuliit.ee\\\/#\\\/schema\\\/logo\\\/image\\\/\"},\"sameAs\":[\"https:\\\/\\\/www.facebook.com\\\/tantsuliit\",\"https:\\\/\\\/www.instagram.com\\\/tantsuliit\\\/\"]}]}<\/script>\n<!-- \/ Yoast SEO plugin. -->","yoast_head_json":{"title":"Helena Pihel - Eesti Tantsukunsti ja Tantsuhariduse Liit","robots":{"index":"index","follow":"follow","max-snippet":"max-snippet:-1","max-image-preview":"max-image-preview:large","max-video-preview":"max-video-preview:-1"},"canonical":"https:\/\/tantsuliit.ee\/en\/preemia-neggo\/helena-pihel\/","og_locale":"en_GB","og_type":"article","og_title":"Helena Pihel - Eesti Tantsukunsti ja Tantsuhariduse Liit","og_description":"Kaasaegse tantsu \u00f5petajana suunab Helena noori uurima, erinevaid liikumisviise\/tantsustiile katsetades ennast \u00fcletama ja iseennast ning oma tegevust eritlema. \u00d5ppet\u00f6\u00f6s v\u00f5imaldab [&hellip;]","og_url":"https:\/\/tantsuliit.ee\/en\/preemia-neggo\/helena-pihel\/","og_site_name":"Eesti Tantsukunsti ja Tantsuhariduse Liit","article_publisher":"https:\/\/www.facebook.com\/tantsuliit","article_modified_time":"2024-01-29T21:42:15+00:00","twitter_card":"summary_large_image","twitter_misc":{"Estimated reading time":"3 minutes"},"schema":{"@context":"https:\/\/schema.org","@graph":[{"@type":"WebPage","@id":"https:\/\/tantsuliit.ee\/preemia-neggo\/helena-pihel\/","url":"https:\/\/tantsuliit.ee\/preemia-neggo\/helena-pihel\/","name":"Helena Pihel - Eesti Tantsukunsti ja Tantsuhariduse Liit","isPartOf":{"@id":"https:\/\/tantsuliit.ee\/#website"},"datePublished":"2024-01-29T21:24:12+00:00","dateModified":"2024-01-29T21:42:15+00:00","breadcrumb":{"@id":"https:\/\/tantsuliit.ee\/preemia-neggo\/helena-pihel\/#breadcrumb"},"inLanguage":"en-GB","potentialAction":[{"@type":"ReadAction","target":["https:\/\/tantsuliit.ee\/preemia-neggo\/helena-pihel\/"]}]},{"@type":"BreadcrumbList","@id":"https:\/\/tantsuliit.ee\/preemia-neggo\/helena-pihel\/#breadcrumb","itemListElement":[{"@type":"ListItem","position":1,"name":"Avaleht","item":"https:\/\/tantsuliit.ee\/"},{"@type":"ListItem","position":2,"name":"Gerd Neggo preemia","item":"https:\/\/tantsuliit.ee\/preemia-neggo\/"},{"@type":"ListItem","position":3,"name":"Helena Pihel"}]},{"@type":"WebSite","@id":"https:\/\/tantsuliit.ee\/#website","url":"https:\/\/tantsuliit.ee\/","name":"Estonian Union of Dance Art and Dance Education","description":"ETTL toetab ja \u00fchendab Eesti tantsukunstnikke ja -\u00f5petajaid, pakkudes ressursse, haridust ja platvorme tantsukunsti edendamiseks ja huvide kaitsmiseks.","publisher":{"@id":"https:\/\/tantsuliit.ee\/#organization"},"potentialAction":[{"@type":"SearchAction","target":{"@type":"EntryPoint","urlTemplate":"https:\/\/tantsuliit.ee\/?s={search_term_string}"},"query-input":{"@type":"PropertyValueSpecification","valueRequired":true,"valueName":"search_term_string"}}],"inLanguage":"en-GB"},{"@type":"Organization","@id":"https:\/\/tantsuliit.ee\/#organization","name":"Estonian Union of Dance Art and Dance Education","url":"https:\/\/tantsuliit.ee\/","logo":{"@type":"ImageObject","inLanguage":"en-GB","@id":"https:\/\/tantsuliit.ee\/#\/schema\/logo\/image\/","url":"https:\/\/tantsuliit.ee\/wp-content\/uploads\/2024\/12\/ettllogowhitespace0.png","contentUrl":"https:\/\/tantsuliit.ee\/wp-content\/uploads\/2024\/12\/ettllogowhitespace0.png","width":433,"height":79,"caption":"Eesti Tantsukunsti ja Tantsuhariduse Liit"},"image":{"@id":"https:\/\/tantsuliit.ee\/#\/schema\/logo\/image\/"},"sameAs":["https:\/\/www.facebook.com\/tantsuliit","https:\/\/www.instagram.com\/tantsuliit\/"]}]}},"_links":{"self":[{"href":"https:\/\/tantsuliit.ee\/en\/wp-json\/wp\/v2\/pages\/5177","targetHints":{"allow":["GET"]}}],"collection":[{"href":"https:\/\/tantsuliit.ee\/en\/wp-json\/wp\/v2\/pages"}],"about":[{"href":"https:\/\/tantsuliit.ee\/en\/wp-json\/wp\/v2\/types\/page"}],"author":[{"embeddable":true,"href":"https:\/\/tantsuliit.ee\/en\/wp-json\/wp\/v2\/users\/1"}],"replies":[{"embeddable":true,"href":"https:\/\/tantsuliit.ee\/en\/wp-json\/wp\/v2\/comments?post=5177"}],"version-history":[{"count":0,"href":"https:\/\/tantsuliit.ee\/en\/wp-json\/wp\/v2\/pages\/5177\/revisions"}],"up":[{"embeddable":true,"href":"https:\/\/tantsuliit.ee\/en\/wp-json\/wp\/v2\/pages\/75"}],"wp:attachment":[{"href":"https:\/\/tantsuliit.ee\/en\/wp-json\/wp\/v2\/media?parent=5177"}],"curies":[{"name":"wp","href":"https:\/\/api.w.org\/{rel}","templated":true}]}}