{"id":3262,"date":"2020-07-10T11:39:51","date_gmt":"2020-07-10T11:39:51","guid":{"rendered":"https:\/\/tantsuliit.ee\/?page_id=3262"},"modified":"2025-05-09T06:32:42","modified_gmt":"2025-05-09T04:32:42","slug":"kedja-vorgustik","status":"publish","type":"page","link":"https:\/\/tantsuliit.ee\/en\/meist\/kedja-vorgustik\/","title":{"rendered":"Kedja network"},"content":{"rendered":"<div data-elementor-type=\"wp-page\" data-elementor-id=\"3262\" class=\"elementor elementor-3262\" data-elementor-post-type=\"page\">\n\t\t\t\t<div class=\"elementor-element elementor-element-ebdfea9 e-flex e-con-boxed e-con e-parent\" data-id=\"ebdfea9\" data-element_type=\"container\" data-e-type=\"container\">\n\t\t\t\t\t<div class=\"e-con-inner\">\n\t\t<div class=\"elementor-element elementor-element-31cf6ad e-flex e-con-boxed e-con e-child\" data-id=\"31cf6ad\" data-element_type=\"container\" data-e-type=\"container\" data-settings=\"{&quot;background_background&quot;:&quot;classic&quot;}\">\n\t\t\t\t\t<div class=\"e-con-inner\">\n\t\t<div class=\"elementor-element elementor-element-086819a e-con-full e-flex e-con e-child\" data-id=\"086819a\" data-element_type=\"container\" data-e-type=\"container\" data-settings=\"{&quot;background_background&quot;:&quot;classic&quot;}\">\n\t\t\t\t<div class=\"elementor-element elementor-element-5daffec elementor-widget elementor-widget-image\" data-id=\"5daffec\" data-element_type=\"widget\" data-e-type=\"widget\" data-widget_type=\"image.default\">\n\t\t\t\t\t\t\t\t\t\t\t\t\t\t\t\t<a href=\"https:\/\/kedja.net\/\">\n\t\t\t\t\t\t\t<img loading=\"lazy\" decoding=\"async\" width=\"492\" height=\"268\" src=\"https:\/\/tantsuliit.ee\/wp-content\/uploads\/2019\/02\/kedja.png\" class=\"attachment-medium size-medium wp-image-2693\" alt=\"\" \/>\t\t\t\t\t\t\t\t<\/a>\n\t\t\t\t\t\t\t\t\t\t\t\t\t\t\t<\/div>\n\t\t\t\t<\/div>\n\t\t\t\t\t<\/div>\n\t\t\t\t<\/div>\n\t\t<div class=\"elementor-element elementor-element-bc9171d e-con-full e-flex e-con e-child\" data-id=\"bc9171d\" data-element_type=\"container\" data-e-type=\"container\" data-settings=\"{&quot;background_background&quot;:&quot;classic&quot;}\">\n\t\t\t\t<div class=\"elementor-element elementor-element-e1f4560 buttonliikmed elementor-widget elementor-widget-button\" data-id=\"e1f4560\" data-element_type=\"widget\" data-e-type=\"widget\" data-widget_type=\"button.default\">\n\t\t\t\t\t\t\t\t\t\t<a class=\"elementor-button elementor-button-link elementor-size-sm\" href=\"https:\/\/kedja.net\/\">\n\t\t\t\t\t\t<span class=\"elementor-button-content-wrapper\">\n\t\t\t\t\t\t<span class=\"elementor-button-icon\">\n\t\t\t\t<i aria-hidden=\"true\" class=\"fas fa-globe\"><\/i>\t\t\t<\/span>\n\t\t\t\t\t\t\t\t\t<span class=\"elementor-button-text\">Ke\u00f0ja kodulehek\u00fclg<\/span>\n\t\t\t\t\t<\/span>\n\t\t\t\t\t<\/a>\n\t\t\t\t\t\t\t\t<\/div>\n\t\t\t\t<div class=\"elementor-element elementor-element-5977c00 buttonliikmed elementor-widget elementor-widget-button\" data-id=\"5977c00\" data-element_type=\"widget\" data-e-type=\"widget\" data-widget_type=\"button.default\">\n\t\t\t\t\t\t\t\t\t\t<a class=\"elementor-button elementor-button-link elementor-size-sm\" href=\"https:\/\/www.facebook.com\/stretchkedja\/\">\n\t\t\t\t\t\t<span class=\"elementor-button-content-wrapper\">\n\t\t\t\t\t\t<span class=\"elementor-button-icon\">\n\t\t\t\t<i aria-hidden=\"true\" class=\"fab fa-facebook\"><\/i>\t\t\t<\/span>\n\t\t\t\t\t\t\t\t\t<span class=\"elementor-button-text\">Ke\u00f0ja Facebook<\/span>\n\t\t\t\t\t<\/span>\n\t\t\t\t\t<\/a>\n\t\t\t\t\t\t\t\t<\/div>\n\t\t\t\t<\/div>\n\t\t\t\t\t<\/div>\n\t\t\t\t<\/div>\n\t\t<div class=\"elementor-element elementor-element-e36b0a0 e-flex e-con-boxed e-con e-child\" data-id=\"e36b0a0\" data-element_type=\"container\" data-e-type=\"container\" data-settings=\"{&quot;background_background&quot;:&quot;classic&quot;}\">\n\t\t\t\t\t<div class=\"e-con-inner\">\n\t\t<div class=\"elementor-element elementor-element-9fdb85c e-flex e-con-boxed e-con e-child\" data-id=\"9fdb85c\" data-element_type=\"container\" data-e-type=\"container\" data-settings=\"{&quot;background_background&quot;:&quot;classic&quot;}\">\n\t\t\t\t\t<div class=\"e-con-inner\">\n\t\t\t\t<div class=\"elementor-element elementor-element-13fd7ad elementor-widget elementor-widget-text-editor\" data-id=\"13fd7ad\" data-element_type=\"widget\" data-e-type=\"widget\" data-widget_type=\"text-editor.default\">\n\t\t\t\t\t\t\t\t\t<p><strong>Ke\u00f0ja<\/strong> on P\u00f5hjamaade tantsu koost\u00f6\u00f6v\u00f5rgustik, mis sai alguse 1999. aastal kuue tantsuorganisatsiooni algatusel, eesm\u00e4rgiga luua paindlikke ja mitteametlikke tantsukohtumisi. Projekt on saanud Euroopa Liidu toetust aastatel 2007\u20132010 ja 2012\u20132015 ning 2011. aastal P\u00f5hjamaade ja Taani fondide toel.<\/p><p>Alates 2016. aastast tegutseb rahvusvaheline t\u00f6\u00f6r\u00fchm P\u00f5hjamaadest, Baltikumist ja teistest riikidest, et arendada uusi koost\u00f6\u00f6vorme. Eesti partner on Eesti Tantsukunsti ja Tantsuhariduse Liit.<\/p>\t\t\t\t\t\t\t\t<\/div>\n\t\t\t\t\t<\/div>\n\t\t\t\t<\/div>\n\t\t\t\t\t<\/div>\n\t\t\t\t<\/div>\n\t\t\t\t<\/div>","protected":false},"excerpt":{"rendered":"<p>Ke\u00f0ja kodulehek\u00fclg Ke\u00f0ja Facebook Ke\u00f0ja on P\u00f5hjamaade tantsu koost\u00f6\u00f6v\u00f5rgustik, mis sai alguse 1999. aastal kuue tantsuorganisatsiooni algatusel, eesm\u00e4rgiga luua paindlikke [&hellip;]<\/p>\n","protected":false},"author":2,"featured_media":2693,"parent":5570,"menu_order":0,"comment_status":"closed","ping_status":"closed","template":"","meta":{"_acf_changed":false,"site-sidebar-layout":"default","site-content-layout":"","ast-site-content-layout":"default","site-content-style":"default","site-sidebar-style":"default","ast-global-header-display":"","ast-banner-title-visibility":"disabled","ast-main-header-display":"","ast-hfb-above-header-display":"","ast-hfb-below-header-display":"","ast-hfb-mobile-header-display":"","site-post-title":"","ast-breadcrumbs-content":"","ast-featured-img":"","footer-sml-layout":"","ast-disable-related-posts":"","theme-transparent-header-meta":"","adv-header-id-meta":"","stick-header-meta":"","header-above-stick-meta":"","header-main-stick-meta":"","header-below-stick-meta":"","astra-migrate-meta-layouts":"set","ast-page-background-enabled":"default","ast-page-background-meta":{"desktop":{"background-color":"var(--ast-global-color-4)","background-image":"","background-repeat":"repeat","background-position":"center center","background-size":"auto","background-attachment":"scroll","background-type":"","background-media":"","overlay-type":"","overlay-color":"","overlay-opacity":"","overlay-gradient":""},"tablet":{"background-color":"","background-image":"","background-repeat":"repeat","background-position":"center center","background-size":"auto","background-attachment":"scroll","background-type":"","background-media":"","overlay-type":"","overlay-color":"","overlay-opacity":"","overlay-gradient":""},"mobile":{"background-color":"","background-image":"","background-repeat":"repeat","background-position":"center center","background-size":"auto","background-attachment":"scroll","background-type":"","background-media":"","overlay-type":"","overlay-color":"","overlay-opacity":"","overlay-gradient":""}},"ast-content-background-meta":{"desktop":{"background-color":"var(--ast-global-color-5)","background-image":"","background-repeat":"repeat","background-position":"center center","background-size":"auto","background-attachment":"scroll","background-type":"","background-media":"","overlay-type":"","overlay-color":"","overlay-opacity":"","overlay-gradient":""},"tablet":{"background-color":"var(--ast-global-color-5)","background-image":"","background-repeat":"repeat","background-position":"center center","background-size":"auto","background-attachment":"scroll","background-type":"","background-media":"","overlay-type":"","overlay-color":"","overlay-opacity":"","overlay-gradient":""},"mobile":{"background-color":"var(--ast-global-color-5)","background-image":"","background-repeat":"repeat","background-position":"center center","background-size":"auto","background-attachment":"scroll","background-type":"","background-media":"","overlay-type":"","overlay-color":"","overlay-opacity":"","overlay-gradient":""}},"footnotes":""},"class_list":["post-3262","page","type-page","status-publish","has-post-thumbnail","hentry"],"acf":[],"yoast_head":"<!-- This site is optimized with the Yoast SEO plugin v27.4 - https:\/\/yoast.com\/product\/yoast-seo-wordpress\/ -->\n<title>Kedja v\u00f5rgustik - Eesti Tantsukunsti ja Tantsuhariduse Liit<\/title>\n<meta name=\"robots\" content=\"index, follow, max-snippet:-1, max-image-preview:large, max-video-preview:-1\" \/>\n<link rel=\"canonical\" href=\"https:\/\/tantsuliit.ee\/en\/meist\/kedja-vorgustik\/\" \/>\n<meta property=\"og:locale\" content=\"en_GB\" \/>\n<meta property=\"og:type\" content=\"article\" \/>\n<meta property=\"og:title\" content=\"Kedja v\u00f5rgustik - Eesti Tantsukunsti ja Tantsuhariduse Liit\" \/>\n<meta property=\"og:description\" content=\"Ke\u00f0ja kodulehek\u00fclg Ke\u00f0ja Facebook Ke\u00f0ja on P\u00f5hjamaade tantsu koost\u00f6\u00f6v\u00f5rgustik, mis sai alguse 1999. aastal kuue tantsuorganisatsiooni algatusel, eesm\u00e4rgiga luua paindlikke [&hellip;]\" \/>\n<meta property=\"og:url\" content=\"https:\/\/tantsuliit.ee\/en\/meist\/kedja-vorgustik\/\" \/>\n<meta property=\"og:site_name\" content=\"Eesti Tantsukunsti ja Tantsuhariduse Liit\" \/>\n<meta property=\"article:publisher\" content=\"https:\/\/www.facebook.com\/tantsuliit\" \/>\n<meta property=\"article:modified_time\" content=\"2025-05-09T04:32:42+00:00\" \/>\n<meta property=\"og:image\" content=\"https:\/\/tantsuliit.ee\/wp-content\/uploads\/2019\/02\/kedja.png\" \/>\n\t<meta property=\"og:image:width\" content=\"492\" \/>\n\t<meta property=\"og:image:height\" content=\"268\" \/>\n\t<meta property=\"og:image:type\" content=\"image\/png\" \/>\n<meta name=\"twitter:card\" content=\"summary_large_image\" \/>\n<meta name=\"twitter:label1\" content=\"Estimated reading time\" \/>\n\t<meta name=\"twitter:data1\" content=\"1 minute\" \/>\n<script type=\"application\/ld+json\" class=\"yoast-schema-graph\">{\"@context\":\"https:\\\/\\\/schema.org\",\"@graph\":[{\"@type\":\"WebPage\",\"@id\":\"https:\\\/\\\/tantsuliit.ee\\\/meist\\\/kedja-vorgustik\\\/\",\"url\":\"https:\\\/\\\/tantsuliit.ee\\\/meist\\\/kedja-vorgustik\\\/\",\"name\":\"Kedja v\u00f5rgustik - Eesti Tantsukunsti ja Tantsuhariduse Liit\",\"isPartOf\":{\"@id\":\"https:\\\/\\\/tantsuliit.ee\\\/#website\"},\"primaryImageOfPage\":{\"@id\":\"https:\\\/\\\/tantsuliit.ee\\\/meist\\\/kedja-vorgustik\\\/#primaryimage\"},\"image\":{\"@id\":\"https:\\\/\\\/tantsuliit.ee\\\/meist\\\/kedja-vorgustik\\\/#primaryimage\"},\"thumbnailUrl\":\"https:\\\/\\\/tantsuliit.ee\\\/wp-content\\\/uploads\\\/2019\\\/02\\\/kedja.png\",\"datePublished\":\"2020-07-10T11:39:51+00:00\",\"dateModified\":\"2025-05-09T04:32:42+00:00\",\"breadcrumb\":{\"@id\":\"https:\\\/\\\/tantsuliit.ee\\\/meist\\\/kedja-vorgustik\\\/#breadcrumb\"},\"inLanguage\":\"en-GB\",\"potentialAction\":[{\"@type\":\"ReadAction\",\"target\":[\"https:\\\/\\\/tantsuliit.ee\\\/meist\\\/kedja-vorgustik\\\/\"]}]},{\"@type\":\"ImageObject\",\"inLanguage\":\"en-GB\",\"@id\":\"https:\\\/\\\/tantsuliit.ee\\\/meist\\\/kedja-vorgustik\\\/#primaryimage\",\"url\":\"https:\\\/\\\/tantsuliit.ee\\\/wp-content\\\/uploads\\\/2019\\\/02\\\/kedja.png\",\"contentUrl\":\"https:\\\/\\\/tantsuliit.ee\\\/wp-content\\\/uploads\\\/2019\\\/02\\\/kedja.png\",\"width\":492,\"height\":268},{\"@type\":\"BreadcrumbList\",\"@id\":\"https:\\\/\\\/tantsuliit.ee\\\/meist\\\/kedja-vorgustik\\\/#breadcrumb\",\"itemListElement\":[{\"@type\":\"ListItem\",\"position\":1,\"name\":\"Avaleht\",\"item\":\"https:\\\/\\\/tantsuliit.ee\\\/\"},{\"@type\":\"ListItem\",\"position\":2,\"name\":\"Meist\",\"item\":\"https:\\\/\\\/tantsuliit.ee\\\/meist\\\/\"},{\"@type\":\"ListItem\",\"position\":3,\"name\":\"Kedja v\u00f5rgustik\"}]},{\"@type\":\"WebSite\",\"@id\":\"https:\\\/\\\/tantsuliit.ee\\\/#website\",\"url\":\"https:\\\/\\\/tantsuliit.ee\\\/\",\"name\":\"Eesti Tantsukunsti ja Tantsuhariduse Liit\",\"description\":\"ETTL toetab ja \u00fchendab Eesti tantsukunstnikke ja -\u00f5petajaid, pakkudes ressursse, haridust ja platvorme tantsukunsti edendamiseks ja huvide kaitsmiseks.\",\"publisher\":{\"@id\":\"https:\\\/\\\/tantsuliit.ee\\\/#organization\"},\"potentialAction\":[{\"@type\":\"SearchAction\",\"target\":{\"@type\":\"EntryPoint\",\"urlTemplate\":\"https:\\\/\\\/tantsuliit.ee\\\/?s={search_term_string}\"},\"query-input\":{\"@type\":\"PropertyValueSpecification\",\"valueRequired\":true,\"valueName\":\"search_term_string\"}}],\"inLanguage\":\"en-GB\"},{\"@type\":\"Organization\",\"@id\":\"https:\\\/\\\/tantsuliit.ee\\\/#organization\",\"name\":\"Eesti Tantsukunsti ja Tantsuhariduse Liit\",\"url\":\"https:\\\/\\\/tantsuliit.ee\\\/\",\"logo\":{\"@type\":\"ImageObject\",\"inLanguage\":\"en-GB\",\"@id\":\"https:\\\/\\\/tantsuliit.ee\\\/#\\\/schema\\\/logo\\\/image\\\/\",\"url\":\"https:\\\/\\\/tantsuliit.ee\\\/wp-content\\\/uploads\\\/2024\\\/12\\\/ettllogowhitespace0.png\",\"contentUrl\":\"https:\\\/\\\/tantsuliit.ee\\\/wp-content\\\/uploads\\\/2024\\\/12\\\/ettllogowhitespace0.png\",\"width\":433,\"height\":79,\"caption\":\"Eesti Tantsukunsti ja Tantsuhariduse Liit\"},\"image\":{\"@id\":\"https:\\\/\\\/tantsuliit.ee\\\/#\\\/schema\\\/logo\\\/image\\\/\"},\"sameAs\":[\"https:\\\/\\\/www.facebook.com\\\/tantsuliit\",\"https:\\\/\\\/www.instagram.com\\\/tantsuliit\\\/\"]}]}<\/script>\n<!-- \/ Yoast SEO plugin. -->","yoast_head_json":{"title":"Kedja v\u00f5rgustik - Eesti Tantsukunsti ja Tantsuhariduse Liit","robots":{"index":"index","follow":"follow","max-snippet":"max-snippet:-1","max-image-preview":"max-image-preview:large","max-video-preview":"max-video-preview:-1"},"canonical":"https:\/\/tantsuliit.ee\/en\/meist\/kedja-vorgustik\/","og_locale":"en_GB","og_type":"article","og_title":"Kedja v\u00f5rgustik - Eesti Tantsukunsti ja Tantsuhariduse Liit","og_description":"Ke\u00f0ja kodulehek\u00fclg Ke\u00f0ja Facebook Ke\u00f0ja on P\u00f5hjamaade tantsu koost\u00f6\u00f6v\u00f5rgustik, mis sai alguse 1999. aastal kuue tantsuorganisatsiooni algatusel, eesm\u00e4rgiga luua paindlikke [&hellip;]","og_url":"https:\/\/tantsuliit.ee\/en\/meist\/kedja-vorgustik\/","og_site_name":"Eesti Tantsukunsti ja Tantsuhariduse Liit","article_publisher":"https:\/\/www.facebook.com\/tantsuliit","article_modified_time":"2025-05-09T04:32:42+00:00","og_image":[{"width":492,"height":268,"url":"https:\/\/tantsuliit.ee\/wp-content\/uploads\/2019\/02\/kedja.png","type":"image\/png"}],"twitter_card":"summary_large_image","twitter_misc":{"Estimated reading time":"1 minute"},"schema":{"@context":"https:\/\/schema.org","@graph":[{"@type":"WebPage","@id":"https:\/\/tantsuliit.ee\/meist\/kedja-vorgustik\/","url":"https:\/\/tantsuliit.ee\/meist\/kedja-vorgustik\/","name":"Kedja v\u00f5rgustik - Eesti Tantsukunsti ja Tantsuhariduse Liit","isPartOf":{"@id":"https:\/\/tantsuliit.ee\/#website"},"primaryImageOfPage":{"@id":"https:\/\/tantsuliit.ee\/meist\/kedja-vorgustik\/#primaryimage"},"image":{"@id":"https:\/\/tantsuliit.ee\/meist\/kedja-vorgustik\/#primaryimage"},"thumbnailUrl":"https:\/\/tantsuliit.ee\/wp-content\/uploads\/2019\/02\/kedja.png","datePublished":"2020-07-10T11:39:51+00:00","dateModified":"2025-05-09T04:32:42+00:00","breadcrumb":{"@id":"https:\/\/tantsuliit.ee\/meist\/kedja-vorgustik\/#breadcrumb"},"inLanguage":"en-GB","potentialAction":[{"@type":"ReadAction","target":["https:\/\/tantsuliit.ee\/meist\/kedja-vorgustik\/"]}]},{"@type":"ImageObject","inLanguage":"en-GB","@id":"https:\/\/tantsuliit.ee\/meist\/kedja-vorgustik\/#primaryimage","url":"https:\/\/tantsuliit.ee\/wp-content\/uploads\/2019\/02\/kedja.png","contentUrl":"https:\/\/tantsuliit.ee\/wp-content\/uploads\/2019\/02\/kedja.png","width":492,"height":268},{"@type":"BreadcrumbList","@id":"https:\/\/tantsuliit.ee\/meist\/kedja-vorgustik\/#breadcrumb","itemListElement":[{"@type":"ListItem","position":1,"name":"Avaleht","item":"https:\/\/tantsuliit.ee\/"},{"@type":"ListItem","position":2,"name":"Meist","item":"https:\/\/tantsuliit.ee\/meist\/"},{"@type":"ListItem","position":3,"name":"Kedja v\u00f5rgustik"}]},{"@type":"WebSite","@id":"https:\/\/tantsuliit.ee\/#website","url":"https:\/\/tantsuliit.ee\/","name":"Estonian Union of Dance Art and Dance Education","description":"ETTL toetab ja \u00fchendab Eesti tantsukunstnikke ja -\u00f5petajaid, pakkudes ressursse, haridust ja platvorme tantsukunsti edendamiseks ja huvide kaitsmiseks.","publisher":{"@id":"https:\/\/tantsuliit.ee\/#organization"},"potentialAction":[{"@type":"SearchAction","target":{"@type":"EntryPoint","urlTemplate":"https:\/\/tantsuliit.ee\/?s={search_term_string}"},"query-input":{"@type":"PropertyValueSpecification","valueRequired":true,"valueName":"search_term_string"}}],"inLanguage":"en-GB"},{"@type":"Organization","@id":"https:\/\/tantsuliit.ee\/#organization","name":"Estonian Union of Dance Art and Dance Education","url":"https:\/\/tantsuliit.ee\/","logo":{"@type":"ImageObject","inLanguage":"en-GB","@id":"https:\/\/tantsuliit.ee\/#\/schema\/logo\/image\/","url":"https:\/\/tantsuliit.ee\/wp-content\/uploads\/2024\/12\/ettllogowhitespace0.png","contentUrl":"https:\/\/tantsuliit.ee\/wp-content\/uploads\/2024\/12\/ettllogowhitespace0.png","width":433,"height":79,"caption":"Eesti Tantsukunsti ja Tantsuhariduse Liit"},"image":{"@id":"https:\/\/tantsuliit.ee\/#\/schema\/logo\/image\/"},"sameAs":["https:\/\/www.facebook.com\/tantsuliit","https:\/\/www.instagram.com\/tantsuliit\/"]}]}},"_links":{"self":[{"href":"https:\/\/tantsuliit.ee\/en\/wp-json\/wp\/v2\/pages\/3262","targetHints":{"allow":["GET"]}}],"collection":[{"href":"https:\/\/tantsuliit.ee\/en\/wp-json\/wp\/v2\/pages"}],"about":[{"href":"https:\/\/tantsuliit.ee\/en\/wp-json\/wp\/v2\/types\/page"}],"author":[{"embeddable":true,"href":"https:\/\/tantsuliit.ee\/en\/wp-json\/wp\/v2\/users\/2"}],"replies":[{"embeddable":true,"href":"https:\/\/tantsuliit.ee\/en\/wp-json\/wp\/v2\/comments?post=3262"}],"version-history":[{"count":0,"href":"https:\/\/tantsuliit.ee\/en\/wp-json\/wp\/v2\/pages\/3262\/revisions"}],"up":[{"embeddable":true,"href":"https:\/\/tantsuliit.ee\/en\/wp-json\/wp\/v2\/pages\/5570"}],"wp:featuredmedia":[{"embeddable":true,"href":"https:\/\/tantsuliit.ee\/en\/wp-json\/wp\/v2\/media\/2693"}],"wp:attachment":[{"href":"https:\/\/tantsuliit.ee\/en\/wp-json\/wp\/v2\/media?parent=3262"}],"curies":[{"name":"wp","href":"https:\/\/api.w.org\/{rel}","templated":true}]}}