{"id":146,"date":"2018-02-09T10:16:56","date_gmt":"2018-02-09T10:16:56","guid":{"rendered":"http:\/\/tantsuharidus.ee\/?page_id=146"},"modified":"2025-02-07T15:06:08","modified_gmt":"2025-02-07T13:06:08","slug":"tule-liikmeks","status":"publish","type":"page","link":"https:\/\/tantsuliit.ee\/en\/meist_vana\/tule-liikmeks\/","title":{"rendered":"Become a member!"},"content":{"rendered":"<div data-elementor-type=\"wp-page\" data-elementor-id=\"146\" class=\"elementor elementor-146\" data-elementor-post-type=\"page\">\n\t\t\t\t<div class=\"elementor-element elementor-element-7e13fb5 e-con-full e-flex e-con e-child\" data-id=\"7e13fb5\" data-element_type=\"container\" data-e-type=\"container\" data-settings=\"{&quot;background_background&quot;:&quot;classic&quot;}\">\n\t\t<div class=\"elementor-element elementor-element-48b0d72 e-flex e-con-boxed e-con e-child\" data-id=\"48b0d72\" data-element_type=\"container\" data-e-type=\"container\">\n\t\t\t\t\t<div class=\"e-con-inner\">\n\t\t\t\t<div class=\"elementor-element elementor-element-aa9bcdc elementor-widget elementor-widget-heading\" data-id=\"aa9bcdc\" data-element_type=\"widget\" data-e-type=\"widget\" data-widget_type=\"heading.default\">\n\t\t\t\t\t<h2 class=\"elementor-heading-title elementor-size-default\">Become a member!<\/h2>\t\t\t\t<\/div>\n\t\t\t\t<div class=\"elementor-element elementor-element-9a8a749 elementor-widget elementor-widget-text-editor\" data-id=\"9a8a749\" data-element_type=\"widget\" data-e-type=\"widget\" data-widget_type=\"text-editor.default\">\n\t\t\t\t\t\t\t\t\t<p>Meil on hea meel, et tunned huvi Eesti Tantsukunsti ja Tantsuhariduse Liidu liikmeks saamise vastu!<\/p>\t\t\t\t\t\t\t\t<\/div>\n\t\t\t\t<div class=\"elementor-element elementor-element-4a49b4a elementor-widget elementor-widget-text-editor\" data-id=\"4a49b4a\" data-element_type=\"widget\" data-e-type=\"widget\" data-widget_type=\"text-editor.default\">\n\t\t\t\t\t\t\t\t\t<p>Liikmete h\u00fcvede kohta saad lugeda ETTLi <a href=\"https:\/\/tantsuliit.ee\/en\/liikmele\/\">liikmele<\/a> page.<\/p>\t\t\t\t\t\t\t\t<\/div>\n\t\t\t\t\t<\/div>\n\t\t\t\t<\/div>\n\t\t\t\t<div class=\"elementor-element elementor-element-e419ac8 elementor-widget elementor-widget-heading\" data-id=\"e419ac8\" data-element_type=\"widget\" data-e-type=\"widget\" data-widget_type=\"heading.default\">\n\t\t\t\t\t<h5 class=\"elementor-heading-title elementor-size-default\">Kes saavad liituda?<\/h5>\t\t\t\t<\/div>\n\t\t<div class=\"elementor-element elementor-element-ea63fa4 e-con-full e-flex e-con e-child\" data-id=\"ea63fa4\" data-element_type=\"container\" data-e-type=\"container\" data-settings=\"{&quot;background_background&quot;:&quot;classic&quot;}\">\n\t\t\t\t<div class=\"elementor-element elementor-element-fbf5733 elementor-widget elementor-widget-text-editor\" data-id=\"fbf5733\" data-element_type=\"widget\" data-e-type=\"widget\" data-widget_type=\"text-editor.default\">\n\t\t\t\t\t\t\t\t\t<p>V\u00e4ljav\u00f5te Liidu p\u00f5hikirjast:<\/p>\n<p>3.2. The Union can accept as member:<\/p>\n<ul>\n<li>3.2.1. a person who is\/has been involved in dance art and\/or dance education or is invested in its progress;<\/li>\n<li>3.2.2. a person who is\/has been actively involved in shaping and developing the Estonian dance field;<\/li>\n<li>3.2.3. including publicly recognised dancers;<\/li>\n<li>3.2.4. including publicly recognised choreographers;<\/li>\n<li>3.2.5. including publicly recognised dance teachers.<\/li>\n<\/ul>\t\t\t\t\t\t\t\t<\/div>\n\t\t\t\t<\/div>\n\t\t\t\t<div class=\"elementor-element elementor-element-cc050e3 elementor-widget elementor-widget-heading\" data-id=\"cc050e3\" data-element_type=\"widget\" data-e-type=\"widget\" data-widget_type=\"heading.default\">\n\t\t\t\t\t<h5 class=\"elementor-heading-title elementor-size-default\">Liidu liikmeks astumiseks<\/h5>\t\t\t\t<\/div>\n\t\t\t\t<div class=\"elementor-element elementor-element-c039160 elementor-widget elementor-widget-text-editor\" data-id=\"c039160\" data-element_type=\"widget\" data-e-type=\"widget\" data-widget_type=\"text-editor.default\">\n\t\t\t\t\t\t\t\t\t<ol><li>Laadige\u00a0 <a style=\"font-style: inherit; font-weight: inherit;\" href=\"https:\/\/tantsuliit.ee\/wp-content\/uploads\/2025\/02\/ETTL_liikmeankeet-2025.docx\">liikmeankeet<\/a>\u00a0<span style=\"font-size: 16px; font-style: normal; font-weight: 400;\">alla ja t\u00e4itke oma arvutis <\/span>v\u00f5i t\u00e4itke <a href=\"https:\/\/docs.google.com\/document\/d\/1CIvnGQTuQJiEvn2sPDi1DA8SLfn2daiK\/edit?usp=sharing&amp;ouid=108523984813668325750&amp;rtpof=true&amp;sd=true\">liikmeankeet<\/a> veebis, esmalt tehke sellest koopia, seej\u00e4rel laadige alla.<\/li><li>Allkirjastatud liikmeankeet koos CV&#8217;ga saatke palun: <a href=\"mailto:tantsuliit@gmail.com\">tantsuliit@gmail.com<\/a><\/li><\/ol><p><span style=\"color: #666666;\"><em>Tegevliikmeks vastuv\u00f5tmine otsustatakse juhatuse koosolekul lihth\u00e4\u00e4letuse teel. Otsusest teavitame esimesel v\u00f5imalusel e-posti teel.<\/em><\/span><\/p>\t\t\t\t\t\t\t\t<\/div>\n\t\t\t\t<div class=\"elementor-element elementor-element-32af609 elementor-widget-divider--view-line elementor-widget elementor-widget-divider\" data-id=\"32af609\" data-element_type=\"widget\" data-e-type=\"widget\" data-widget_type=\"divider.default\">\n\t\t\t\t\t\t\t<div class=\"elementor-divider\">\n\t\t\t<span class=\"elementor-divider-separator\">\n\t\t\t\t\t\t<\/span>\n\t\t<\/div>\n\t\t\t\t\t\t<\/div>\n\t\t\t\t<div class=\"elementor-element elementor-element-eeaa26d elementor-widget elementor-widget-heading\" data-id=\"eeaa26d\" data-element_type=\"widget\" data-e-type=\"widget\" data-widget_type=\"heading.default\">\n\t\t\t\t\t<h5 class=\"elementor-heading-title elementor-size-default\">Lisainfo ja k\u00fcsimused<\/h5>\t\t\t\t<\/div>\n\t\t\t\t<div class=\"elementor-element elementor-element-0c32390 elementor-icon-list--layout-traditional elementor-list-item-link-full_width elementor-widget elementor-widget-icon-list\" data-id=\"0c32390\" data-element_type=\"widget\" data-e-type=\"widget\" data-widget_type=\"icon-list.default\">\n\t\t\t\t\t\t\t<ul class=\"elementor-icon-list-items\">\n\t\t\t\t\t\t\t<li class=\"elementor-icon-list-item\">\n\t\t\t\t\t\t\t\t\t\t\t<a href=\"mailto:tantsuliit@gmail.com\">\n\n\t\t\t\t\t\t\t\t\t\t\t<span class=\"elementor-icon-list-text\">E-mail: tantsuliit@gmail.com<\/span>\n\t\t\t\t\t\t\t\t\t\t\t<\/a>\n\t\t\t\t\t\t\t\t\t<\/li>\n\t\t\t\t\t\t\t\t<li class=\"elementor-icon-list-item\">\n\t\t\t\t\t\t\t\t\t\t\t<a href=\"tel:+3725523329\">\n\n\t\t\t\t\t\t\t\t\t\t\t<span class=\"elementor-icon-list-text\">Telefon: +3725523329<\/span>\n\t\t\t\t\t\t\t\t\t\t\t<\/a>\n\t\t\t\t\t\t\t\t\t<\/li>\n\t\t\t\t\t\t<\/ul>\n\t\t\t\t\t\t<\/div>\n\t\t\t\t<\/div>\n\t\t\t\t<\/div>","protected":false},"excerpt":{"rendered":"<p>Tule liikmeks! Meil on hea meel, et tunned huvi Eesti Tantsukunsti ja Tantsuhariduse Liidu liikmeks saamise vastu! Liikmete h\u00fcvede kohta [&hellip;]<\/p>\n","protected":false},"author":2,"featured_media":0,"parent":33,"menu_order":0,"comment_status":"closed","ping_status":"closed","template":"","meta":{"_acf_changed":false,"site-sidebar-layout":"default","site-content-layout":"","ast-site-content-layout":"default","site-content-style":"default","site-sidebar-style":"default","ast-global-header-display":"","ast-banner-title-visibility":"","ast-main-header-display":"","ast-hfb-above-header-display":"","ast-hfb-below-header-display":"","ast-hfb-mobile-header-display":"","site-post-title":"","ast-breadcrumbs-content":"","ast-featured-img":"","footer-sml-layout":"","ast-disable-related-posts":"","theme-transparent-header-meta":"","adv-header-id-meta":"","stick-header-meta":"","header-above-stick-meta":"","header-main-stick-meta":"","header-below-stick-meta":"","astra-migrate-meta-layouts":"set","ast-page-background-enabled":"default","ast-page-background-meta":{"desktop":{"background-color":"var(--ast-global-color-4)","background-image":"","background-repeat":"repeat","background-position":"center center","background-size":"auto","background-attachment":"scroll","background-type":"","background-media":"","overlay-type":"","overlay-color":"","overlay-opacity":"","overlay-gradient":""},"tablet":{"background-color":"","background-image":"","background-repeat":"repeat","background-position":"center center","background-size":"auto","background-attachment":"scroll","background-type":"","background-media":"","overlay-type":"","overlay-color":"","overlay-opacity":"","overlay-gradient":""},"mobile":{"background-color":"","background-image":"","background-repeat":"repeat","background-position":"center center","background-size":"auto","background-attachment":"scroll","background-type":"","background-media":"","overlay-type":"","overlay-color":"","overlay-opacity":"","overlay-gradient":""}},"ast-content-background-meta":{"desktop":{"background-color":"var(--ast-global-color-5)","background-image":"","background-repeat":"repeat","background-position":"center center","background-size":"auto","background-attachment":"scroll","background-type":"","background-media":"","overlay-type":"","overlay-color":"","overlay-opacity":"","overlay-gradient":""},"tablet":{"background-color":"var(--ast-global-color-5)","background-image":"","background-repeat":"repeat","background-position":"center center","background-size":"auto","background-attachment":"scroll","background-type":"","background-media":"","overlay-type":"","overlay-color":"","overlay-opacity":"","overlay-gradient":""},"mobile":{"background-color":"var(--ast-global-color-5)","background-image":"","background-repeat":"repeat","background-position":"center center","background-size":"auto","background-attachment":"scroll","background-type":"","background-media":"","overlay-type":"","overlay-color":"","overlay-opacity":"","overlay-gradient":""}},"footnotes":""},"class_list":["post-146","page","type-page","status-publish","hentry"],"acf":[],"yoast_head":"<!-- This site is optimized with the Yoast SEO plugin v27.4 - https:\/\/yoast.com\/product\/yoast-seo-wordpress\/ -->\n<title>Tule liikmeks! - Eesti Tantsukunsti ja Tantsuhariduse Liit<\/title>\n<meta name=\"robots\" content=\"index, follow, max-snippet:-1, max-image-preview:large, max-video-preview:-1\" \/>\n<link rel=\"canonical\" href=\"https:\/\/tantsuliit.ee\/en\/meist_vana\/tule-liikmeks\/\" \/>\n<meta property=\"og:locale\" content=\"en_GB\" \/>\n<meta property=\"og:type\" content=\"article\" \/>\n<meta property=\"og:title\" content=\"Tule liikmeks! - Eesti Tantsukunsti ja Tantsuhariduse Liit\" \/>\n<meta property=\"og:description\" content=\"Tule liikmeks! Meil on hea meel, et tunned huvi Eesti Tantsukunsti ja Tantsuhariduse Liidu liikmeks saamise vastu! Liikmete h\u00fcvede kohta [&hellip;]\" \/>\n<meta property=\"og:url\" content=\"https:\/\/tantsuliit.ee\/en\/meist_vana\/tule-liikmeks\/\" \/>\n<meta property=\"og:site_name\" content=\"Eesti Tantsukunsti ja Tantsuhariduse Liit\" \/>\n<meta property=\"article:publisher\" content=\"https:\/\/www.facebook.com\/tantsuliit\" \/>\n<meta property=\"article:modified_time\" content=\"2025-02-07T13:06:08+00:00\" \/>\n<meta property=\"og:image\" content=\"https:\/\/tantsuliit.ee\/wp-content\/uploads\/2025\/01\/pexels-pavel-danilyuk-6926684-2-1-1024x762-1.jpg\" \/>\n\t<meta property=\"og:image:width\" content=\"1024\" \/>\n\t<meta property=\"og:image:height\" content=\"762\" \/>\n\t<meta property=\"og:image:type\" content=\"image\/jpeg\" \/>\n<meta name=\"twitter:card\" content=\"summary_large_image\" \/>\n<script type=\"application\/ld+json\" class=\"yoast-schema-graph\">{\"@context\":\"https:\\\/\\\/schema.org\",\"@graph\":[{\"@type\":\"WebPage\",\"@id\":\"https:\\\/\\\/tantsuliit.ee\\\/meist_vana\\\/tule-liikmeks\\\/\",\"url\":\"https:\\\/\\\/tantsuliit.ee\\\/meist_vana\\\/tule-liikmeks\\\/\",\"name\":\"Tule liikmeks! - Eesti Tantsukunsti ja Tantsuhariduse Liit\",\"isPartOf\":{\"@id\":\"https:\\\/\\\/tantsuliit.ee\\\/#website\"},\"datePublished\":\"2018-02-09T10:16:56+00:00\",\"dateModified\":\"2025-02-07T13:06:08+00:00\",\"breadcrumb\":{\"@id\":\"https:\\\/\\\/tantsuliit.ee\\\/meist_vana\\\/tule-liikmeks\\\/#breadcrumb\"},\"inLanguage\":\"en-GB\",\"potentialAction\":[{\"@type\":\"ReadAction\",\"target\":[\"https:\\\/\\\/tantsuliit.ee\\\/meist_vana\\\/tule-liikmeks\\\/\"]}]},{\"@type\":\"BreadcrumbList\",\"@id\":\"https:\\\/\\\/tantsuliit.ee\\\/meist_vana\\\/tule-liikmeks\\\/#breadcrumb\",\"itemListElement\":[{\"@type\":\"ListItem\",\"position\":1,\"name\":\"Avaleht\",\"item\":\"https:\\\/\\\/tantsuliit.ee\\\/\"},{\"@type\":\"ListItem\",\"position\":2,\"name\":\"Meist_vana\",\"item\":\"https:\\\/\\\/tantsuliit.ee\\\/meist_vana\\\/\"},{\"@type\":\"ListItem\",\"position\":3,\"name\":\"Tule liikmeks!\"}]},{\"@type\":\"WebSite\",\"@id\":\"https:\\\/\\\/tantsuliit.ee\\\/#website\",\"url\":\"https:\\\/\\\/tantsuliit.ee\\\/\",\"name\":\"Eesti Tantsukunsti ja Tantsuhariduse Liit\",\"description\":\"ETTL toetab ja \u00fchendab Eesti tantsukunstnikke ja -\u00f5petajaid, pakkudes ressursse, haridust ja platvorme tantsukunsti edendamiseks ja huvide kaitsmiseks.\",\"publisher\":{\"@id\":\"https:\\\/\\\/tantsuliit.ee\\\/#organization\"},\"potentialAction\":[{\"@type\":\"SearchAction\",\"target\":{\"@type\":\"EntryPoint\",\"urlTemplate\":\"https:\\\/\\\/tantsuliit.ee\\\/?s={search_term_string}\"},\"query-input\":{\"@type\":\"PropertyValueSpecification\",\"valueRequired\":true,\"valueName\":\"search_term_string\"}}],\"inLanguage\":\"en-GB\"},{\"@type\":\"Organization\",\"@id\":\"https:\\\/\\\/tantsuliit.ee\\\/#organization\",\"name\":\"Eesti Tantsukunsti ja Tantsuhariduse Liit\",\"url\":\"https:\\\/\\\/tantsuliit.ee\\\/\",\"logo\":{\"@type\":\"ImageObject\",\"inLanguage\":\"en-GB\",\"@id\":\"https:\\\/\\\/tantsuliit.ee\\\/#\\\/schema\\\/logo\\\/image\\\/\",\"url\":\"https:\\\/\\\/tantsuliit.ee\\\/wp-content\\\/uploads\\\/2024\\\/12\\\/ettllogowhitespace0.png\",\"contentUrl\":\"https:\\\/\\\/tantsuliit.ee\\\/wp-content\\\/uploads\\\/2024\\\/12\\\/ettllogowhitespace0.png\",\"width\":433,\"height\":79,\"caption\":\"Eesti Tantsukunsti ja Tantsuhariduse Liit\"},\"image\":{\"@id\":\"https:\\\/\\\/tantsuliit.ee\\\/#\\\/schema\\\/logo\\\/image\\\/\"},\"sameAs\":[\"https:\\\/\\\/www.facebook.com\\\/tantsuliit\",\"https:\\\/\\\/www.instagram.com\\\/tantsuliit\\\/\"]}]}<\/script>\n<!-- \/ Yoast SEO plugin. -->","yoast_head_json":{"title":"Tule liikmeks! - Eesti Tantsukunsti ja Tantsuhariduse Liit","robots":{"index":"index","follow":"follow","max-snippet":"max-snippet:-1","max-image-preview":"max-image-preview:large","max-video-preview":"max-video-preview:-1"},"canonical":"https:\/\/tantsuliit.ee\/en\/meist_vana\/tule-liikmeks\/","og_locale":"en_GB","og_type":"article","og_title":"Tule liikmeks! - Eesti Tantsukunsti ja Tantsuhariduse Liit","og_description":"Tule liikmeks! Meil on hea meel, et tunned huvi Eesti Tantsukunsti ja Tantsuhariduse Liidu liikmeks saamise vastu! Liikmete h\u00fcvede kohta [&hellip;]","og_url":"https:\/\/tantsuliit.ee\/en\/meist_vana\/tule-liikmeks\/","og_site_name":"Eesti Tantsukunsti ja Tantsuhariduse Liit","article_publisher":"https:\/\/www.facebook.com\/tantsuliit","article_modified_time":"2025-02-07T13:06:08+00:00","og_image":[{"width":1024,"height":762,"url":"https:\/\/tantsuliit.ee\/wp-content\/uploads\/2025\/01\/pexels-pavel-danilyuk-6926684-2-1-1024x762-1.jpg","type":"image\/jpeg"}],"twitter_card":"summary_large_image","schema":{"@context":"https:\/\/schema.org","@graph":[{"@type":"WebPage","@id":"https:\/\/tantsuliit.ee\/meist_vana\/tule-liikmeks\/","url":"https:\/\/tantsuliit.ee\/meist_vana\/tule-liikmeks\/","name":"Tule liikmeks! - Eesti Tantsukunsti ja Tantsuhariduse Liit","isPartOf":{"@id":"https:\/\/tantsuliit.ee\/#website"},"datePublished":"2018-02-09T10:16:56+00:00","dateModified":"2025-02-07T13:06:08+00:00","breadcrumb":{"@id":"https:\/\/tantsuliit.ee\/meist_vana\/tule-liikmeks\/#breadcrumb"},"inLanguage":"en-GB","potentialAction":[{"@type":"ReadAction","target":["https:\/\/tantsuliit.ee\/meist_vana\/tule-liikmeks\/"]}]},{"@type":"BreadcrumbList","@id":"https:\/\/tantsuliit.ee\/meist_vana\/tule-liikmeks\/#breadcrumb","itemListElement":[{"@type":"ListItem","position":1,"name":"Avaleht","item":"https:\/\/tantsuliit.ee\/"},{"@type":"ListItem","position":2,"name":"Meist_vana","item":"https:\/\/tantsuliit.ee\/meist_vana\/"},{"@type":"ListItem","position":3,"name":"Tule liikmeks!"}]},{"@type":"WebSite","@id":"https:\/\/tantsuliit.ee\/#website","url":"https:\/\/tantsuliit.ee\/","name":"Estonian Union of Dance Art and Dance Education","description":"ETTL toetab ja \u00fchendab Eesti tantsukunstnikke ja -\u00f5petajaid, pakkudes ressursse, haridust ja platvorme tantsukunsti edendamiseks ja huvide kaitsmiseks.","publisher":{"@id":"https:\/\/tantsuliit.ee\/#organization"},"potentialAction":[{"@type":"SearchAction","target":{"@type":"EntryPoint","urlTemplate":"https:\/\/tantsuliit.ee\/?s={search_term_string}"},"query-input":{"@type":"PropertyValueSpecification","valueRequired":true,"valueName":"search_term_string"}}],"inLanguage":"en-GB"},{"@type":"Organization","@id":"https:\/\/tantsuliit.ee\/#organization","name":"Estonian Union of Dance Art and Dance Education","url":"https:\/\/tantsuliit.ee\/","logo":{"@type":"ImageObject","inLanguage":"en-GB","@id":"https:\/\/tantsuliit.ee\/#\/schema\/logo\/image\/","url":"https:\/\/tantsuliit.ee\/wp-content\/uploads\/2024\/12\/ettllogowhitespace0.png","contentUrl":"https:\/\/tantsuliit.ee\/wp-content\/uploads\/2024\/12\/ettllogowhitespace0.png","width":433,"height":79,"caption":"Eesti Tantsukunsti ja Tantsuhariduse Liit"},"image":{"@id":"https:\/\/tantsuliit.ee\/#\/schema\/logo\/image\/"},"sameAs":["https:\/\/www.facebook.com\/tantsuliit","https:\/\/www.instagram.com\/tantsuliit\/"]}]}},"_links":{"self":[{"href":"https:\/\/tantsuliit.ee\/en\/wp-json\/wp\/v2\/pages\/146","targetHints":{"allow":["GET"]}}],"collection":[{"href":"https:\/\/tantsuliit.ee\/en\/wp-json\/wp\/v2\/pages"}],"about":[{"href":"https:\/\/tantsuliit.ee\/en\/wp-json\/wp\/v2\/types\/page"}],"author":[{"embeddable":true,"href":"https:\/\/tantsuliit.ee\/en\/wp-json\/wp\/v2\/users\/2"}],"replies":[{"embeddable":true,"href":"https:\/\/tantsuliit.ee\/en\/wp-json\/wp\/v2\/comments?post=146"}],"version-history":[{"count":0,"href":"https:\/\/tantsuliit.ee\/en\/wp-json\/wp\/v2\/pages\/146\/revisions"}],"up":[{"embeddable":true,"href":"https:\/\/tantsuliit.ee\/en\/wp-json\/wp\/v2\/pages\/33"}],"wp:attachment":[{"href":"https:\/\/tantsuliit.ee\/en\/wp-json\/wp\/v2\/media?parent=146"}],"curies":[{"name":"wp","href":"https:\/\/api.w.org\/{rel}","templated":true}]}}